{"id":1015,"date":"2021-06-11T07:57:46","date_gmt":"2021-06-11T05:57:46","guid":{"rendered":"http:\/\/art-anima.com\/festival\/?page_id=1015"},"modified":"2024-05-23T08:10:02","modified_gmt":"2024-05-23T06:10:02","slug":"program-2021","status":"publish","type":"page","link":"http:\/\/art-anima.com\/festival\/program-2021\/","title":{"rendered":"PROGRAM 2021"},"content":{"rendered":"<p><strong>Nedelja, 04. jul 2021.<\/strong><\/p>\n<p>\n<table id=\"tablepress-21\" class=\"tablepress tablepress-id-21\">\n<thead>\n<tr class=\"row-1\">\n\t<th class=\"column-1\">Vreme<\/th><th class=\"column-2\">Doga\u0111aj<\/th><th class=\"column-3\">U\u010desnici<\/th>\n<\/tr>\n<\/thead>\n<tbody class=\"row-striping row-hover\">\n<tr class=\"row-2\">\n\t<td class=\"column-1\">18.00<\/td><td class=\"column-2\"><a href=\"http:\/\/art-anima.com\/festival\/2021\/06\/promocija-romana-prokletije-dejana-ognjanovica\/\" rel=\"noopener\" target=\"_blank\">Promocija romana \u201eProkletije\u201c Dejana Ognjanovi\u0107a<\/a><\/td><td class=\"column-3\">Dejan Ognjanovi\u0107, Ana Marija Grbi\u0107, Igor Stanojevi\u0107<\/td>\n<\/tr>\n<tr class=\"row-3\">\n\t<td class=\"column-1\">19.30<\/td><td class=\"column-2\"><a href=\"http:\/\/art-anima.com\/festival\/2021\/06\/predstavljanje-romana-kad-se-vratim-mladena-jakovljevica\/\" rel=\"noopener\" target=\"_blank\">Predstavljanje romana \u201eKad se vratim\u201c Mladena Jakovljevi\u0107a<\/a><\/td><td class=\"column-3\">Mladen Jakovljevi\u0107, Vladislava Gordi\u0107 Petkovi\u0107, moderator Dragoljub Igro\u0161anac<\/td>\n<\/tr>\n<tr class=\"row-4\">\n\t<td class=\"column-1\">20.45<\/td><td class=\"column-2\"><a href=\"http:\/\/art-anima.com\/festival\/2021\/06\/predstavljanje-7-broja-casopisa-knjizevna-fantastika\/\" rel=\"noopener\" target=\"_blank\">Predstavljanje 7. broja \u010dasopisa \u201eKnji\u017eevna fantastika\u201c<\/a><\/td><td class=\"column-3\">Ljiljana Gavrilovi\u0107, Adrijan Sarajlija, Marko Vasi\u0107, Neboj\u0161a Petkovi\u0107, Mladen Jakovljevi\u0107, Dragoljub Igro\u0161anac <\/td>\n<\/tr>\n<\/tbody>\n<\/table>\n<!-- #tablepress-21 from cache --><br \/>\n<strong>Ponedeljak, 05. jul 2021.<\/strong><\/p>\n\n<table id=\"tablepress-22\" class=\"tablepress tablepress-id-22\">\n<thead>\n<tr class=\"row-1\">\n\t<th class=\"column-1\">Vreme <\/th><th class=\"column-2\">Doga\u0111aj<\/th><th class=\"column-3\">U\u010desnici<\/th>\n<\/tr>\n<\/thead>\n<tbody class=\"row-striping row-hover\">\n<tr class=\"row-2\">\n\t<td class=\"column-1\">18.00<\/td><td class=\"column-2\"><a href=\"http:\/\/art-anima.com\/festival\/2021\/06\/predstavljanje-programa-izdavacke-kuce-bedem\/\" rel=\"noopener\" target=\"_blank\">Promocija programa izdava\u010dke ku\u0107e \u201eBedem\u201c<\/a><\/td><td class=\"column-3\">Mladen Milosavljevi\u0107, Sanja Savi\u0107 Milosavljevi\u0107, moderatorka Jovana Di\u0161i\u0107<\/td>\n<\/tr>\n<tr class=\"row-3\">\n\t<td class=\"column-1\">19.15<\/td><td class=\"column-2\"><a href=\"http:\/\/art-anima.com\/festival\/2021\/06\/tribina-fantastika-i-nauka-u-delima-ursule-legvin-i-artura-klarka\/\" rel=\"noopener\" target=\"_blank\">Tribina: \u201eFantastika i nauka u delima Ursule LeGvin i Artura Klarka\u201c<\/a><\/td><td class=\"column-3\">Milan \u0106irkovi\u0107, Slobodan Bubnjevi\u0107, Sr\u0111a Jankovi\u0107, moderatorka Jelena Nid\u017eovi\u0107<\/td>\n<\/tr>\n<tr class=\"row-4\">\n\t<td class=\"column-1\">20.30<\/td><td class=\"column-2\"><a href=\"http:\/\/art-anima.com\/festival\/2021\/06\/promocija-duologije-firentinski-dublet-gorana-skrobonje-i-ivana-nesica\/\" rel=\"noopener\" target=\"_blank\">Promocija dvoknji\u017eja \u201eFirentinski dublet\u201c Gorana Skrobonje i Ivana Ne\u0161i\u0107a<\/a><\/td><td class=\"column-3\">Goran Skrobonja, Ivan Ne\u0161i\u0107, moderatorka Ksenija Prodanovi\u0107<\/td>\n<\/tr>\n<\/tbody>\n<\/table>\n<!-- #tablepress-22 from cache -->\n<p>&nbsp;<\/p>\n<p>&nbsp;<\/p>\n<p><span style=\"color: #800000;\"><strong>Napomena: program festivala podlo\u017ean je promenama<\/strong><\/span><\/p>\n<p>&#8230;<\/p>\n<p>Arhiva:<\/p>\n<p><a href=\"https:\/\/art-anima.com\/festival\/program-2024\/\" target=\"_blank\">Program festivala 2024.<\/a>\u00a0&#8211; Dor\u0107ol Platz \/ Koska Bar (08. i 09. jun)<\/p>\n<p><a href=\"https:\/\/art-anima.com\/festival\/program-2023\/\" target=\"_blank\">Program festivala 2023.<\/a>\u00a0&#8211; Kulturni centar Grad (05. i 06. jul)<\/p>\n<p><a href=\"https:\/\/art-anima.com\/festival\/program-2022\/\" target=\"_blank\">Program festivala 2022.<\/a>\u00a0&#8211; Klub galerija Polet (04. i 05. jul)<\/p>\n<p><a href=\"http:\/\/art-anima.com\/festival\/program-2021\/\">Program festivala 2021.<\/a>\u00a0&#8211; Klub galerija Polet (04. i 05. jul)<\/p>\n<p><a href=\"http:\/\/art-anima.com\/festival\/program-2019\/\">Program festivala 2019.<\/a>\u00a0&#8211;\u00a0Klub galerija Polet (30. maj &#8211; 02. jun),\u00a0Sve\u010dana sala Op\u0161tine Vra\u010dar (03. jun 2019)<\/p>\n<p><a href=\"http:\/\/art-anima.com\/festival\/program-2018\/\">Program festivala 2018.<\/a>\u00a0&#8211; Sve\u010dana sala Op\u0161tine Vra\u010dar (01. jun), Klub galerija Polet (02. i 03. jun 2018.)<\/p>\n<p><a href=\"http:\/\/art-anima.com\/festival\/program-2017\/\">Program festivala 2017<\/a>. &#8211; Klub galerija Polet 03. i 04. jun 2017.<\/p>\n<p><a href=\"http:\/\/art-anima.com\/festival\/program-2016\">Program festivala 2016.<\/a>\u00a0&#8211; Biblioteka grada Beograda 29. maj-02. jun 2016.<\/p>\n<p><a href=\"http:\/\/art-anima.com\/festival\/program-festivala-2015\">Program festivala 2015.<\/a>\u00a0&#8211; Knji\u017eara Plato 02-04. jun 2015.<\/p>\n<p><a href=\"http:\/\/art-anima.com\/festival\/2014\/04\/program-festivala\/\">Program festivala 2014<\/a>. &#8211; UK Palilula 15-17. maj 2014.<\/p>\n","protected":false},"excerpt":{"rendered":"<p>Nedelja, 04. jul 2021. Ponedeljak, 05. jul 2021. &nbsp; &nbsp; Napomena: program festivala podlo\u017ean je promenama &#8230; Arhiva: Program festivala 2024.\u00a0&#8211; Dor\u0107ol Platz \/ Koska Bar (08. i 09. jun) Program festivala 2023.\u00a0&#8211; Kulturni centar Grad (05. i 06. jul) Program festivala 2022.\u00a0&#8211; Klub galerija Polet (04. i 05. jul) Program festivala 2021.\u00a0&#8211; Klub galerija [&hellip;]<\/p>\n","protected":false},"author":1,"featured_media":1019,"parent":0,"menu_order":0,"comment_status":"closed","ping_status":"closed","template":"","meta":{"footnotes":""},"class_list":["post-1015","page","type-page","status-publish","has-post-thumbnail","hentry"],"_links":{"self":[{"href":"http:\/\/art-anima.com\/festival\/wp-json\/wp\/v2\/pages\/1015"}],"collection":[{"href":"http:\/\/art-anima.com\/festival\/wp-json\/wp\/v2\/pages"}],"about":[{"href":"http:\/\/art-anima.com\/festival\/wp-json\/wp\/v2\/types\/page"}],"author":[{"embeddable":true,"href":"http:\/\/art-anima.com\/festival\/wp-json\/wp\/v2\/users\/1"}],"replies":[{"embeddable":true,"href":"http:\/\/art-anima.com\/festival\/wp-json\/wp\/v2\/comments?post=1015"}],"version-history":[{"count":7,"href":"http:\/\/art-anima.com\/festival\/wp-json\/wp\/v2\/pages\/1015\/revisions"}],"predecessor-version":[{"id":1436,"href":"http:\/\/art-anima.com\/festival\/wp-json\/wp\/v2\/pages\/1015\/revisions\/1436"}],"wp:featuredmedia":[{"embeddable":true,"href":"http:\/\/art-anima.com\/festival\/wp-json\/wp\/v2\/media\/1019"}],"wp:attachment":[{"href":"http:\/\/art-anima.com\/festival\/wp-json\/wp\/v2\/media?parent=1015"}],"curies":[{"name":"wp","href":"https:\/\/api.w.org\/{rel}","templated":true}]}}