{"id":198,"date":"2014-04-22T10:02:25","date_gmt":"2014-04-22T08:02:25","guid":{"rendered":"http:\/\/art-anima.com\/festival\/?page_id=198"},"modified":"2014-04-27T17:11:29","modified_gmt":"2014-04-27T15:11:29","slug":"zoran-zivkovic-uvod-u-kreativno-pisanje","status":"publish","type":"page","link":"http:\/\/art-anima.com\/festival\/zoran-zivkovic-uvod-u-kreativno-pisanje\/","title":{"rendered":"Zoran \u017divkovi\u0107: Uvod u kreativno pisanje"},"content":{"rendered":"<p style=\"text-align: justify;\">U predavanju pod naslovom &#8220;Uvod u kreativno pisanje&#8221; profesor Zoran \u017divkovi\u0107 izla\u017ee na\u010dela na kojima se zasniva njegov kurs kreativnog pisanja umetni\u010dke proze koji dr\u017ei na Filolo\u0161kom fakultetu Univerziteta u Beogradu. Opredeliv\u0161i se za takozvani holisti\u010dki pristup kreativnom pisanju, profesor \u017divkovi\u0107 o\u010dekuje od svojih studenata da tokom \u010detiri semestra napi\u0161u ukupno \u010detrnaest pri\u010da na teme koje su odabrane tako da pokrivaju sve klju\u010dne vidove proznog govora. Razmatranjem ovih pri\u010da, studenti se upu\u0107uju u zanatske vidove umetnosti proze. Smisao kursa nije stvaranje novih pisaca ve\u0107 osposobljavanje studenata da \u0161to suvuslije artikuli\u0161u prozni tekst. Pribli\u017eno polovina tema na koje studenti pi\u0161u pri\u010de odnose se na fantasti\u010dku knji\u017eevnost.<\/p>\n<p style=\"text-align: justify;\"><img loading=\"lazy\" decoding=\"async\" class=\"alignnone size-full wp-image-242\" src=\"http:\/\/art-anima.com\/festival\/wp-content\/uploads\/2014\/04\/spacer32.png\" alt=\"spacer32\" width=\"32\" height=\"32\" \/><\/p>\n<p style=\"text-align: justify;\"><strong>Zoran \u017divkovi\u0107<\/strong><\/p>\n<p style=\"text-align: justify;\">Zoran \u017divkovi\u0107 (1948) autor je dvadeset proznih dela: <em>\u010cetvrti krug<\/em> (1993), <em>Vremenski darovi<\/em> (1997), <em>Pisac<\/em> (1998), <em>Knjiga<\/em> (1999), <em>Nemogu\u0107i susreti<\/em> (2000), <em>Sedam dodira muzike<\/em> (2001), <em>Biblioteka<\/em> (2002), <em>Koraci kroz maglu<\/em> (2003), <em>Skrivena kamera<\/em> (2003), <em>Vagon<\/em> (2004), <em>\u010cetiri pri\u010de do kraja<\/em> (2004), <em>Dvanaest zbirki i \u010dajd\u017einica<\/em> (2005), <em>Most<\/em> (2006), <em>\u010citateljka<\/em> (2006), <em>Amarkord<\/em> (2007), <em>Poslednja knjiga<\/em> (2007), <em>Esherove petlje<\/em> (2008), <em>Pisac<\/em><em> u najam<\/em> (2009), <em>Pet dunavskih \u010duda<\/em> (2011) i <em>Na\u0111i me<\/em> (2012).<\/p>\n<p style=\"text-align: justify;\">\u017divkovi\u0107 je jedan od najprevo\u0111enijih savremenih srpskih knji\u017eevnika. Zaklju\u010dno sa 2013, knjige su mu izi\u0161le u <strong>SAD<\/strong> (<em>Vremenski darovi<\/em>, dva izdanja, <em>Knjiga\/Pisac<\/em>, <em>\u010cetvrti krug<\/em>, <em>Skrivena kamera<\/em>, <em>Sedam dodira muzike<\/em>, <em>Koraci kroz maglu<\/em>, <em>Nemogu\u0107i susreti<\/em>), <strong>Engleskoj<\/strong> (<em>Nemogu\u0107e pri\u010de<\/em>, <em>Dvanaest zbirki i \u010dajd\u017einica<\/em>, <em>Poslednja knjiga<\/em>, <em>Most<\/em>, <em>Pisac\/Knjiga\/\u010citateljka<\/em>, <em>Nemogu\u0107e pri\u010de 2<\/em>, <em>Esherove petlje<\/em>, <em>Pisac u najam<\/em>), <strong>Italiji<\/strong> (<em>Poslednja knjiga<\/em>, <em>Biblioteka<\/em>, <em>Sedam dodira muzike<\/em>, <em>Pisac u najam<\/em>, <em>Na\u0111i me<\/em>), <strong>Portugaliji<\/strong> (<em>Biblioteka<\/em>, dva izdanja, <em>Poslednja knjiga<\/em>, <em>Pisac u najam<\/em>, <em>Sedam dodira muzike<\/em>), <strong>Nema\u010dkoj<\/strong> (<em>Skrivena kamera<\/em>, <em>Poslednja knjiga<\/em>, <em>Nemogu\u0107i roman<\/em>), <strong>\u0160paniji<\/strong> (<em>Nemogu\u0107e pri\u010de<\/em>, <em>Knjiga\/Pisac<\/em>, <em>Skrivena kamera<\/em>), <strong>Francuskoj<\/strong> (<em>Pisac u najam<\/em>), <strong>Danskoj<\/strong> (<em>Biblioteka<\/em>), <strong>Gr\u010dkoj<\/strong> (<em>Knjiga<\/em>), <strong>\u0160vajcarskoj<\/strong> (<em>\u010citateljka<\/em>), <strong>Holandiji<\/strong> (<em>Poslednja knjiga<\/em>), <strong>Japanu<\/strong> (na japanskom \u2013 <em>\u010cajd\u017einica<\/em>; na engleskom \u2013 <em>Biblioteka<\/em>, <em>Vagon<\/em>, <em>\u010cetiri pri\u010de do kraja<\/em>, <em>\u010citateljka<\/em> i <em>Amarkord<\/em>), <strong>Ju\u017enoj Koreji<\/strong> (<em>Knjiga<\/em>, <em>Poslednja knjiga<\/em>, <em>Biblioteka<\/em>), <strong>Brazilu<\/strong> (<em>Poslednja knjiga<\/em>) <strong>Turskoj<\/strong> (<em>Vremenski darovi<\/em>, <em>Biblioteka<\/em>,<em> Nemogu\u0107i susreti<\/em>), <strong>Rusiji<\/strong> (<em>\u010cetvrti krug<\/em>), <strong>\u010ce\u0161koj<\/strong> (<em>Vremenski darovi<\/em>), <strong>Poljskoj<\/strong> (<em>Biblioteka<\/em>, <em>Amarkord<\/em>), <strong>Bugarskoj<\/strong> (<em>Sedam dodira muzike<\/em>, <em>\u010cetvrti krug<\/em>), <strong>Ukrajini<\/strong> (<em>Dvanaest zbirki i \u010dajd\u017einica<\/em>), <strong>Sloveniji<\/strong> (<em>\u010cetvrti krug<\/em>, <em>Most<\/em>, <em>Biblioteka<\/em>, <em>\u010citateljka<\/em>, <em>Amarkord<\/em>,<em> Poslednja knjiga<\/em>, <em>Pisac u najam<\/em>, <em>Koraci kroz maglu<\/em>, <em>Dvanaest zbirki i \u010dajd\u017einica<\/em>) i <strong>Hrvatskoj<\/strong> (<em>Vremenski darovi<\/em>, <em>Nemogu\u0107i susreti<\/em>, <em>Sedam dodira muzike<\/em>, <em>Biblioteka<\/em>, <em>Poslednja knjiga<\/em>).<\/p>\n<p style=\"text-align: justify;\">U 2014. bi\u0107e objavljeni <em>Nemogu\u0107i susreti<\/em> u Italiji i <em>Na\u0111i me<\/em> u Portugaliji.<\/p>\n<p style=\"text-align: justify;\">\u017divkovi\u0107ev roman <em>Pet dunavskih \u010duda<\/em> izvorno je izi\u0161ao kao petotomno izdanje na pet jezika: srpskom, engleskom, nema\u010dkom, slova\u010dkom i ma\u0111arskom.<\/p>\n<p style=\"text-align: justify;\">Pri\u010de su mu objavljene u antologijama i \u010dasopisima u SAD, Engleskoj, Japanu, Poljskoj, Finskoj, Danskoj, Francuskoj i Ma\u0111arskoj.<\/p>\n<p style=\"text-align: justify;\">Sabranaprozna dela Zorana \u017divkovi\u0107a u po dva toma na srpskog i engleskom (<em>Romani<\/em>\/<em>Novels<\/em> i <em>Nemogu\u0107e pri\u010de<\/em>\/<em>Impossible Stories<\/em>) objavio je 2009-2010. &#8220;Zavod za ud\u017ebenike&#8221;.<\/p>\n<p style=\"text-align: justify;\">\u017divkovi\u0107 je dobitnik &#8220;Svetske nagrade za fantastiku&#8221; za roman mozaik <em>Biblioteka<\/em> (2003), nagrade &#8220;Milo\u0161 Crnjanski&#8221; za <em>\u010cetvrti krug<\/em> (1994), nagrade &#8220;Isidora Sekuli\u0107&#8221; za <em>Most<\/em> (2007), koji je tako\u0111euvr\u0161\u0107en je u u\u017ei izbor za Ninovu nagradu kritike za roman godine 2006 (prethodno je, 1997, u u\u017eem izboru bio iroman mozaik <em>Vremenski darovi<\/em>), kao i nagrade &#8220;Stefan Mitrov Ljubi\u0161a&#8221; (2007) za ukupno prozno stvarala\u0161tvo. Romani <em>Knjiga<\/em> (2004), <em>Biblioteka<\/em> (2005), <em>Skrivena kamera<\/em> (2007), <em>Esherove petlje<\/em> (2010) i <em>Pet dunavskih \u010duda<\/em> (2011) nominovani su za jedno od najpresti\u017enijih evropskih literarnih priznanja \u2013 &#8220;Me\u0111unarodnu dablinsku knji\u017eevnu nagradu IMPAK&#8221;. Roman mozaik <em>Dvanaest zbirki<\/em> nominovan je za nagradu &#8220;\u0160irli D\u017eekson&#8221; (2008) i za nagradu &#8220;Britanskog dru\u0161tva za fantastiku&#8221; (2008).<\/p>\n<p style=\"text-align: justify;\">Ugledni ameri\u010dki knji\u017eevni \u010dasopis &#8220;Svetska knji\u017eevnost danas&#8221; doneo je u broju za novembar-decembar 2011. temat o \u017divkovi\u0107evoj prozi. U \u0161tampanom izdanju ovog mese\u010dnika objavljeno je deset strana, a jo\u0161 ve\u0107i obim izi\u0161ao je u internetskom izdanju.<\/p>\n<p style=\"text-align: justify;\">Prema \u017divkovi\u0107evim pri\u010dama &#8220;Voz&#8221; (<em>Nemogu\u0107i susreti<\/em>) i &#8220;Hotelska soba&#8221; (<em>\u010cetiri pri\u010de do kraja<\/em>) reditelj Puri\u0161a \u0110or\u0111evi\u0107 snimio je igrani film <em>Dva<\/em> koji je imao premijeru na Festu 2007. Isti reditelj ekranizovao je i \u017divkovi\u0107evu pri\u010du &#8220;Ispovedaonica&#8221; (<em>Nemogu\u0107i susreti<\/em>) koja je prikazana na beogradskom Festivalu kratkometra\u017enih filmova 2007.<\/p>\n<p style=\"text-align: justify;\">Dve \u017divkovi\u0107eve pri\u010de emitovane su na programu britanskog radija BiBiSi: &#8220;Voz&#8221; (2005) i &#8220;Budilnik na sto\u010di\u0107u&#8221; (2007).<\/p>\n<p style=\"text-align: justify;\">Televizija Studio B emitovala je TV seriju &#8220;Sakuplja\u010d&#8221; snimljenu prema \u017divkovi\u0107evom ciklusu &#8220;Dvanaest zbirki&#8221; (<em>Dvanaest zbirki i \u010dajd\u017einica<\/em>).<\/p>\n<p style=\"text-align: justify;\">\u017divkovi\u0107eva dela izu\u010davaju se na severnoameri\u010dkim univerzitetima. Profesor Ralf Bogert, s Univerzitetu u Torontu (Kanada), uklju\u010dio je <em>\u010cetvrti krug<\/em> u kurs o savremenom evropskom romanu, dok profesor D\u017eefri Stejdelmen, s univerziteta u Bafalu (SAD), tuma\u010di <em>Sedam dodira muzike<\/em> u okviru seminara &#8220;Muzi\u010dke teme u kratkoj prozi&#8221; (tu su jo\u0161 dela Tolstoja, \u010cehova, Kafke, Kundere, Mana, Nabokova&#8230;)<\/p>\n<p style=\"text-align: justify;\">&#8220;Njujork Tajms&#8221; doneo je u broju od 15. aprila 2007. slede\u0107u kritiku ameri\u010dkog izdanja \u017divkovi\u0107evog romana mozaika <em>Sedam dodira muzike<\/em>:<\/p>\n<p style=\"text-align: justify;\"><em>Nipo\u0161to se ne doga\u0111a \u010desto da nai\u0111ete na prozno delo \u010dija rasko\u0161na lepr\u0161avost i \u017eivotnost kao da nadma\u0161uju s\u00e2m jezik. Srpski pisac Zoran \u017divkovi\u0107 (ne treba ga brkati s biv\u0161im premijerom Srbije) ve\u0107 ima mno\u0161tvo vatrenih poklonika u Americi. Iako je mo\u017eda jo\u0161 rano da ga proglasimo novim Borhesom, njegov mozai\u010dki roman <\/em>Sedam dodira muzike<em> svakako ga \u010dini vode\u0107im kandidatom za tu titulu.<\/em><\/p>\n<p style=\"text-align: justify;\"><em>Izvrsno na\u010dinjena elegantna knjiga <\/em>Sedam dodira muzike<em> skup je pri\u010da u kojima muzika igra preobra\u017eajnu, neretko misti\u010dnu ulogu u \u017eivotima likova: neskladne melodije svira\u010da na verglu do\u010dara\u0107e jednoj starici prizore umiranja drugih ljudi; starinska muzi\u010dka kutija prizva\u0107e utvare u domu starog udovca. Iako su neki scenariji ve\u0107 vi\u0111eni, \u017divkovi\u0107eva obrada nadasve je originalna \u2013 on nepogre\u0161ivo nalazi sr\u017e transcendentnog u svakodnevnim i neistra\u017eenim obredima.<\/em><\/p>\n<p style=\"text-align: justify;\"><em>Podjednaku pohvalu zavre\u0111uje i prevodilac Elis Kopl-To\u0161i\u0107 koja \u017divkovi\u0107a \u010dini \u010ditljivim bez \u017ertvovanja egzoti\u010dne razli\u010ditosti njegovog na\u010dina izra\u017eavanja. Takav je, na primer, opis ponovnog uranjanja u san kao u &#8220;jezero mastila&#8221; ili zagonetno upozorenje da &#8220;oni koji o\u010dekuju konjanika ne smeju da pome\u0161aju otkucaje vlastitog srca s batom kopita&#8221;.<\/em><\/p>\n<p style=\"text-align: justify;\"><em>Ima se utisak da je odve\u0107 sputavaju\u0107e ugurati \u017divkovi\u0107evo delo u kategoriju spekulativne proze, ali dok se u na\u0161em ograni\u010denom jeziku ne javi neki prikladniji naziv, mora\u0107emo time da se zadovoljimo.<\/em><\/p>\n<p style=\"text-align: justify;\">Evo jo\u0161 skora\u0161njih prikaza \u017divkovi\u0107eve proze:<\/p>\n<p style=\"text-align: justify;\"><em>Kao i uvek, \u017divkovi\u0107 je izbru\u0161en i zastra\u0161uju\u0107e inteligentan. Ljubitelji dobre knji\u017eevnosti bi\u0107e o\u010darani rasko\u0161nim domi\u0161ljatostima i sugestivno\u0161\u0107u njegovog proznog pera<\/em>.<br \/>\n<strong>Lokus, SAD<\/strong><\/p>\n<p style=\"text-align: justify;\"><em>\u017divkovi\u0107 uverljivo sugeri\u0161e romanom <\/em>Pisac <em>da i ina\u010de slo\u017een odnos izme\u0111u pisca i \u010ditaoca mo\u017ee postati toliko zamr\u0161en da se na kraju \u010dak mo\u017ee zaklju\u010diti da knji\u017eevno delo uop\u0161te, zapravo, i nema autora.<br \/>\n<\/em><strong>Kontekst, SAD<\/strong><\/p>\n<p style=\"text-align: justify;\"><em>Majstorski vladaju\u0107i tonom i jezikom, \u017divkovi\u0107 pretpostavlja razigranost poenti, sejanje \u017eetvi.<br \/>\n<\/em><strong>Njujork Tajms, SAD<\/strong><\/p>\n<p style=\"text-align: justify;\"><em>Neo\u010dekivano finale <\/em>Skrivene kamere<em> uvodi nas u \u010dudesan, misti\u010dan preplet \u017eivota i smrti<\/em>.<br \/>\n<strong>Njujorker, SAD<\/strong><\/p>\n<p style=\"text-align: justify;\"><em>Zoran \u017divkovi\u0107 \u010dudesno je ironi\u010dan autor \u010dije se nadasve osobene vizije savr\u0161eno sla\u017eu s njegovom sumornom duhovito\u0161\u0107u punom apsurda.<br \/>\n<\/em><strong>Gardijan, Velika Britanija<\/strong><\/p>\n<p style=\"text-align: justify;\"><em>Poput Horhea Luisa Borhesa, \u017divkovi\u0107 je majstor u sazdavanju \u010dudesnih, alternativnih svetova. Poput Dejvida Lin\u010da on uspeva da spoji napetost i setu \u2013 da bude okrutan i duhovit u isto vreme.<br \/>\n<\/em><strong>Sijetl Tajms, SAD<\/strong><\/p>\n<p style=\"text-align: justify;\"><em>Kao u Kafkinim delima, velike zamisli kod \u017divkovi\u0107a ne name\u0107u se odozgo, ve\u0107 mo\u0107no ni\u010du iz samog pripovednog tla.<br \/>\n<\/em><strong>Tajm Aut, SAD<\/strong><\/p>\n<p style=\"text-align: justify;\"><em>Po\u0161to je stekao uva\u017eavanje kao pisac fantastike, \u017divkovi\u0107 novim delima stupa na izazovno podru\u010dje eksperimentalne proze<\/em>.<br \/>\n<strong>Pabli\u0161ers Vikli, SAD<\/strong><\/p>\n<p style=\"text-align: justify;\"><em>\u017divkovi\u0107eva proza oslanja se na tradiciju magijskog realizma, u \u010dije se neimare ubrajaju velika imena kao \u0161to su Mihail Bulgakov, Salman Ru\u0161di, Horhe Luis Borhes i Izabela Aljende, [&#8230;] ali on je oplemenjuje ljudskom, humanisti\u010dkom, evropskom perspektivom, grade\u0107i slike i iskustva koja dugo ostaju u svesti \u010ditalaca.<br \/>\n<\/em><strong>Strejnd\u017e Horajzons, SAD<\/strong><\/p>\n<p style=\"text-align: justify;\"><em>Kao i uvek, \u017divkovi\u0107 vas majstorski uvla\u010di u \u010dudesne svetove svojih pri\u010da. Sasvim neosetno otiskujete se na fantasti\u010dna putovanja koja vas mogu odneti na najneo\u010dekivanija odredi\u0161ta.<br \/>\n<\/em><strong>Elisi, SAD<\/strong><\/p>\n<p style=\"text-align: justify;\"><em>\u017divkovi\u0107 majstorski do\u010darava pometenost, zbunjenost i strahopo\u0161tovanje likova koji se nemu\u0161to nose s tajnama \u0161to uveliko nadilaze njihovo vreme, mesto u svetu i intelektualne mo\u0107i.<br \/>\n<\/em><strong>Pabli\u0161ers Vikli, SAD<\/strong><\/p>\n<p style=\"text-align: justify;\"><em>\u017divkovi\u0107evo pisanje prividno je jednostavno i predivno elegantno u isti mah. Svakom novom knjigom srpski pisac nadmo\u0107no pokazuje za\u0161to je jedan od najve\u0107ih majstora savremene svetske fantastike<\/em>.<br \/>\n<strong>Revolu\u0161n SF, SAD<\/strong><\/p>\n<p style=\"text-align: justify;\"><em>\u010citati Zorana \u017divkovi\u0107a isto je \u0161to i stupiti u \u017eiv, promenljiv san koji vas mo\u017ee odvesti na mesta koja mo\u017eda uop\u0161te ne biste \u017eeleli da posetite. Ali na kraju \u0107e vas to putovanje svakako oplemeniti<\/em>.<br \/>\n<strong>Spekulativ Fik\u0161n, SAD<\/strong><\/p>\n<p style=\"text-align: justify;\"><em>\u017divkovi\u0107eve pri\u010de posti\u017eu istinsku bezvremenost. Jednako se razumljivo obra\u0107aju \u010ditaocima u Helsinkiju ili Meksiko Sitiju, kao i onima u Tokiju ili Njujorku. I \u0161to je jo\u0161 bolje, jednako su uverljive. One \u0107e dirnuti ljude od Kejptauna do Osla. Ne znam ni za jedno drugo delo savremene knji\u017eevnosti za koje se to mo\u017ee re\u0107i (&#8230;) <\/em><em>Je li ovo budu\u0107nost fantastike kao globalnog pokreta? Uop\u0161te me ne bi iznenadilo ako bi se ispostavilo da jeste<\/em>.<br \/>\n<strong>Nova Ekspres, SAD<\/strong><\/p>\n<p style=\"text-align: justify;\"><em>\u017divkovi\u0107eve vedre eruditske nastranosti, razigrana tekstualna krivudanja i parodijska preterivanja u isti mah veli\u010daju Knjigu, ali i tuguju za njom (&#8230; ) Sve dok budu postojali sjajni romani poput ovoga ne treba brinuti o sudbini Knjige<\/em>.<br \/>\n<strong>Lokus Onlajn<\/strong>, <strong>USA<\/strong><\/p>\n<p style=\"text-align: justify;\"><em>\u017divkovi\u0107eve pri\u010de pre su impresionisti\u010dke nego realisti\u010dke. <\/em><em>One do\u010daravaju pre raspolo\u017eenje nego zna\u010denje. Vi\u0161e uznemiravaju nego \u0161to uga\u0111aju, vi\u0161e su neobi\u010dne nego \u0161to pla\u0161e. Ako, kao ja, volite tu vrstu proze, traga\u0107ete za \u017divkovi\u0107evim delima gde god ih mo\u017eete prona\u0107i.<br \/>\n<\/em><strong>Emerald Siti, SAD<\/strong><\/p>\n<p style=\"text-align: justify;\"><em>Po svom bogatom tkanju stilskih i kompozicionih ume\u0161tava, kao i po imaginativnim dosezima i intelektualnoj istan\u010danosti, <\/em>\u010cetvrti krug<em> mora se smatrati \u017divkovi\u0107evim istinskim remek-delom koje nadilazi njegova ostala i ina\u010de osobena i jedinstvena prozna ostvarenja<\/em>.<br \/>\n<strong>Spekulativ Fik\u0161n, SAD<\/strong><\/p>\n<p style=\"text-align: justify;\"><em>Kada se delovi slagalice <\/em>\u010cetvrtog kruga<em> slo\u017ee u celinu u \u010ditao\u010devom umu, nastaje ne\u0161to veoma blisko bogojavljanju. Posredi je jedan od najizuzetnijih trenutaka moderne fantastike, a svakako i jedan od najlep\u0161ih (&#8230;) Bogatstvo ovog romana toliko je veliko da mo\u017ee da obuhvati neograni\u010den broj tuma\u010denja, te stoga nema nikakve sumnje da \u0107e godinama nadahnjivati knji\u017eevne analize. \u010cetvrti krug najistan\u010danija je alegorija razumevanja koja se pojavila u novijem vremenu<\/em>.<br \/>\n<strong>Lokus, SAD<\/strong><\/p>\n<p style=\"text-align: justify;\"><em>Svaka pri\u010da [iz<\/em> Koraka kroz maglu<em>] <\/em><em>remek-delo je za sebe, ali celina \u2013 ah, celina!<br \/>\n<\/em><strong>Ideomanser, SAD<\/strong><\/p>\n","protected":false},"excerpt":{"rendered":"<p>U predavanju pod naslovom &#8220;Uvod u kreativno pisanje&#8221; profesor Zoran \u017divkovi\u0107 izla\u017ee na\u010dela na kojima se zasniva njegov kurs kreativnog pisanja umetni\u010dke proze koji dr\u017ei na Filolo\u0161kom fakultetu Univerziteta u Beogradu. Opredeliv\u0161i se za takozvani holisti\u010dki pristup kreativnom pisanju, profesor \u017divkovi\u0107 o\u010dekuje od svojih studenata da tokom \u010detiri semestra napi\u0161u ukupno \u010detrnaest pri\u010da na teme [&hellip;]<\/p>\n","protected":false},"author":2,"featured_media":275,"parent":0,"menu_order":0,"comment_status":"open","ping_status":"open","template":"","meta":{"footnotes":""},"class_list":["post-198","page","type-page","status-publish","has-post-thumbnail","hentry"],"_links":{"self":[{"href":"http:\/\/art-anima.com\/festival\/wp-json\/wp\/v2\/pages\/198"}],"collection":[{"href":"http:\/\/art-anima.com\/festival\/wp-json\/wp\/v2\/pages"}],"about":[{"href":"http:\/\/art-anima.com\/festival\/wp-json\/wp\/v2\/types\/page"}],"author":[{"embeddable":true,"href":"http:\/\/art-anima.com\/festival\/wp-json\/wp\/v2\/users\/2"}],"replies":[{"embeddable":true,"href":"http:\/\/art-anima.com\/festival\/wp-json\/wp\/v2\/comments?post=198"}],"version-history":[{"count":7,"href":"http:\/\/art-anima.com\/festival\/wp-json\/wp\/v2\/pages\/198\/revisions"}],"predecessor-version":[{"id":245,"href":"http:\/\/art-anima.com\/festival\/wp-json\/wp\/v2\/pages\/198\/revisions\/245"}],"wp:featuredmedia":[{"embeddable":true,"href":"http:\/\/art-anima.com\/festival\/wp-json\/wp\/v2\/media\/275"}],"wp:attachment":[{"href":"http:\/\/art-anima.com\/festival\/wp-json\/wp\/v2\/media?parent=198"}],"curies":[{"name":"wp","href":"https:\/\/api.w.org\/{rel}","templated":true}]}}