{"id":204,"date":"2014-04-22T10:10:12","date_gmt":"2014-04-22T08:10:12","guid":{"rendered":"http:\/\/art-anima.com\/festival\/?page_id=204"},"modified":"2014-04-27T17:11:19","modified_gmt":"2014-04-27T15:11:19","slug":"ljiljana-pesikan-ljustanovic-savremeni-srpski-fantasticni-roman-za-decu-pocetkom-21-veka","status":"publish","type":"page","link":"http:\/\/art-anima.com\/festival\/ljiljana-pesikan-ljustanovic-savremeni-srpski-fantasticni-roman-za-decu-pocetkom-21-veka\/","title":{"rendered":"Ljiljana Pe\u0161ikan Lju\u0161tanovi\u0107: Savremeni srpski fantasti\u010dni roman za decu po\u010detkom 21. veka"},"content":{"rendered":"<p style=\"text-align: justify;\">Predavanje se zasniva na romanima Mine Todorovi\u0107 (\u201cVir svetova\u201d i \u201cGami\u017e\u201d), Uro\u0161a Petrovi\u0107a (\u201cAven i jazopas u Zemlji Vauka\u201d, \u201cPeti leptir\u201d, \u201cDeca Bestragije\u201d) i Ivane Ne\u0161i\u0107 (\u201cZelenbabini darovi\u201d), i bavi\u0107e se tipologijom junaka, prostora i odnosom primarnog i sekundarnog sveta koji se u njima uspostavlja.<\/p>\n<p style=\"text-align: justify;\"><img loading=\"lazy\" decoding=\"async\" class=\"alignnone size-full wp-image-242\" src=\"http:\/\/art-anima.com\/festival\/wp-content\/uploads\/2014\/04\/spacer32.png\" alt=\"spacer32\" width=\"32\" height=\"32\" \/><\/p>\n<p style=\"text-align: justify;\"><strong>Ljiljana Pe\u0161ikan Lju\u0161tanovi\u0107<\/strong><\/p>\n<p style=\"text-align: justify;\"><span style=\"color: #1a1617;\">Ro\u0111ena 22. novembra 1954. godine u Feketi\u0107u (Vojvodina).<\/span><\/p>\n<p style=\"text-align: justify;\"><span style=\"color: #1a1617;\">Osnovnu i srednju \u0161kolu zavra\u0161ila u Beogradu.<\/span><\/p>\n<p style=\"text-align: justify;\"><span style=\"color: #1a1617;\">Studije na Filolo\u0161kom fakultetu u Beogradu upisala 1973, a okon\u010dala 1979. godine, na grupi za jugoslovenske i op\u0161tu knji\u017eevnost.\u00a0<\/span><\/p>\n<p style=\"text-align: justify;\"><span style=\"color: #1a1617;\">Decembra 1982. godine odbranila magistarski rad s temom \u201eRad Toma Mareti\u0107a na izu\u010davanju narodne knji\u017eevnosti\u201c, na Filolo\u0161kom fakultetu u Beogradu.\u00a0<\/span><\/p>\n<p style=\"text-align: justify;\"><span style=\"color: #1a1617;\">Doktorsku disertaciju, s temom: Zmaj Despot Vuk &#8211; mit, istorija, pesma, odbranila 11. septembra 2000, na Filozofskom fakultetu u Novom Sadu.<\/span><\/p>\n<p style=\"text-align: justify;\"><span style=\"color: #1a1617;\">U zvanje redovnog profesora izabrana 8. 7. 2010.<\/span><\/p>\n<p style=\"text-align: justify;\"><span style=\"color: #1a1617;\">Radila kao nastavnica srpskohrvatskog jezika i bibliotekarka, potom, u Sterijinom pozorju, kao rukovodilac odeljenja za izdava\u010dku delatnost i urednica u edicijama Dramatur\u0161ki spisi, Savremena jugoslovenska drama, Theatrologia Yugoslavica, Pozori\u0161ne monografije i \u010dlanica uredni\u0161tva \u010dasopisa za pozori\u0161nu umetnost \u201eScena\u201c. Od 1994. zaposlena na Filozofskom fakultetu u Novom Sadu, prvo kao asistent, a sada kao profesor na predmetu narodna knji\u017eevnost.\u00a0<\/span><\/p>\n<p style=\"text-align: justify;\"><span style=\"color: #1a1617;\">Sekretarka je Leksikografskog odeljenja Matice srpske i glavna urednica \u201eLeksikona srpske knji\u017eevnosti\u201c.<\/span><\/p>\n<p style=\"text-align: justify;\"><span style=\"color: #1a1617;\">Objavila preko 200 radova u stru\u010dnoj periodici, pre svega iz oblasti izu\u010davanja ju\u017enoslovenskog i balkanskog knji\u017eevnog folklora i interdisciplinarnih studija o refleksima tradicionalne usmene knji\u017eevnosti i mitsko-obredne prakse balkanskih naroda u srpskoj i ju\u017enoslovenskoj dramaturgiji i pozori\u0161tu, radova o knji\u017eevnosti za decu, kao i jedan broj radova o savremenom urbanom folkloru i manjinskim pravima.\u00a0<\/span><\/p>\n<p style=\"text-align: justify;\"><span style=\"color: #1a1617;\">Dobila je, 2011. godine, nagrade Zlatna srpska knji\u017eevnost iz fonda Aleksandra Arnautovi\u0107a, za ukupan rad na izu\u010davanju srpske knji\u017eevnosti i Sterijinu nagradu za teatrologiju \u201eJovan Hristi\u0107\u201c za knjigu \u201eKad je bila kne\u017eeva ve\u010dera?\u201c i nagradu \u201eSima Cuci\u0107\u201c za najbolju knjigu o knji\u017eevnosti za decu \u201eGospo\u0111i Alisinoj desnoj nozi. Ogledi o knji\u017eevnosti za decu\u201c<\/span><\/p>\n","protected":false},"excerpt":{"rendered":"<p>Predavanje se zasniva na romanima Mine Todorovi\u0107 (\u201cVir svetova\u201d i \u201cGami\u017e\u201d), Uro\u0161a Petrovi\u0107a (\u201cAven i jazopas u Zemlji Vauka\u201d, \u201cPeti leptir\u201d, \u201cDeca Bestragije\u201d) i Ivane Ne\u0161i\u0107 (\u201cZelenbabini darovi\u201d), i bavi\u0107e se tipologijom junaka, prostora i odnosom primarnog i sekundarnog sveta koji se u njima uspostavlja. Ljiljana Pe\u0161ikan Lju\u0161tanovi\u0107 Ro\u0111ena 22. novembra 1954. godine u Feketi\u0107u [&hellip;]<\/p>\n","protected":false},"author":2,"featured_media":276,"parent":0,"menu_order":0,"comment_status":"open","ping_status":"open","template":"","meta":{"footnotes":""},"class_list":["post-204","page","type-page","status-publish","has-post-thumbnail","hentry"],"_links":{"self":[{"href":"http:\/\/art-anima.com\/festival\/wp-json\/wp\/v2\/pages\/204"}],"collection":[{"href":"http:\/\/art-anima.com\/festival\/wp-json\/wp\/v2\/pages"}],"about":[{"href":"http:\/\/art-anima.com\/festival\/wp-json\/wp\/v2\/types\/page"}],"author":[{"embeddable":true,"href":"http:\/\/art-anima.com\/festival\/wp-json\/wp\/v2\/users\/2"}],"replies":[{"embeddable":true,"href":"http:\/\/art-anima.com\/festival\/wp-json\/wp\/v2\/comments?post=204"}],"version-history":[{"count":9,"href":"http:\/\/art-anima.com\/festival\/wp-json\/wp\/v2\/pages\/204\/revisions"}],"predecessor-version":[{"id":244,"href":"http:\/\/art-anima.com\/festival\/wp-json\/wp\/v2\/pages\/204\/revisions\/244"}],"wp:featuredmedia":[{"embeddable":true,"href":"http:\/\/art-anima.com\/festival\/wp-json\/wp\/v2\/media\/276"}],"wp:attachment":[{"href":"http:\/\/art-anima.com\/festival\/wp-json\/wp\/v2\/media?parent=204"}],"curies":[{"name":"wp","href":"https:\/\/api.w.org\/{rel}","templated":true}]}}