{"id":272,"date":"2014-04-27T17:12:08","date_gmt":"2014-04-27T15:12:08","guid":{"rendered":"http:\/\/art-anima.com\/festival\/?page_id=272"},"modified":"2014-04-27T17:12:08","modified_gmt":"2014-04-27T15:12:08","slug":"aleksandar-nesic-predavanje-fantastika-u-darkvudovim-izdanjima","status":"publish","type":"page","link":"http:\/\/art-anima.com\/festival\/aleksandar-nesic-predavanje-fantastika-u-darkvudovim-izdanjima\/","title":{"rendered":"Aleksandar Ne\u0161i\u0107 &#8211; predavanje &#8220;Fantastika u Darkvudovim izdanjima&#8221;"},"content":{"rendered":"<p>Izdava\u010dka ku\u0107a Darkwood je od svog po\u010detka bila naklonjena delima fantastike, pa tako danas postoji vi\u0161e edicija okrenutih isklju\u010divo ovom \u017eanru &#8211; od antologija majstora horora poput Bernija Rajtsona i Ri\u010darda Korbena do planetarno popularnih serijala poput Lokot i klju\u010da i Okru\u017een Mrtvima. U Darkvudovom asortimanu se mogu na\u0107i dela najpoznatijih \u0161kola stripa, samim tim i razli\u010diti pristupi fantasti\u010dnim motivima.<\/p>\n<p>Aleksandar Ne\u0161i\u0107 &#8211; Kre\u0161a (ro\u0111en 9. jula 1995. u \u0106upriji) u\u010denik je Filolo\u0161ke gimnazije i strip teoreti\u010dar. Istorijskom stranom stripa i svega \u0161to taj pojam obuhvata se bavi ve\u0107 nekoliko godina i odr\u017eao je vi\u0161e od deset predavanja na najrazli\u010ditije teme.<\/p>\n","protected":false},"excerpt":{"rendered":"<p>Izdava\u010dka ku\u0107a Darkwood je od svog po\u010detka bila naklonjena delima fantastike, pa tako danas postoji vi\u0161e edicija okrenutih isklju\u010divo ovom \u017eanru &#8211; od antologija majstora horora poput Bernija Rajtsona i Ri\u010darda Korbena do planetarno popularnih serijala poput Lokot i klju\u010da i Okru\u017een Mrtvima. U Darkvudovom asortimanu se mogu na\u0107i dela najpoznatijih \u0161kola stripa, samim tim [&hellip;]<\/p>\n","protected":false},"author":2,"featured_media":277,"parent":0,"menu_order":0,"comment_status":"open","ping_status":"open","template":"","meta":{"footnotes":""},"class_list":["post-272","page","type-page","status-publish","has-post-thumbnail","hentry"],"_links":{"self":[{"href":"http:\/\/art-anima.com\/festival\/wp-json\/wp\/v2\/pages\/272"}],"collection":[{"href":"http:\/\/art-anima.com\/festival\/wp-json\/wp\/v2\/pages"}],"about":[{"href":"http:\/\/art-anima.com\/festival\/wp-json\/wp\/v2\/types\/page"}],"author":[{"embeddable":true,"href":"http:\/\/art-anima.com\/festival\/wp-json\/wp\/v2\/users\/2"}],"replies":[{"embeddable":true,"href":"http:\/\/art-anima.com\/festival\/wp-json\/wp\/v2\/comments?post=272"}],"version-history":[{"count":1,"href":"http:\/\/art-anima.com\/festival\/wp-json\/wp\/v2\/pages\/272\/revisions"}],"predecessor-version":[{"id":278,"href":"http:\/\/art-anima.com\/festival\/wp-json\/wp\/v2\/pages\/272\/revisions\/278"}],"wp:featuredmedia":[{"embeddable":true,"href":"http:\/\/art-anima.com\/festival\/wp-json\/wp\/v2\/media\/277"}],"wp:attachment":[{"href":"http:\/\/art-anima.com\/festival\/wp-json\/wp\/v2\/media?parent=272"}],"curies":[{"name":"wp","href":"https:\/\/api.w.org\/{rel}","templated":true}]}}