{"id":296,"date":"2014-04-27T17:40:34","date_gmt":"2014-04-27T15:40:34","guid":{"rendered":"http:\/\/art-anima.com\/festival\/?page_id=296"},"modified":"2014-05-08T20:07:32","modified_gmt":"2014-05-08T18:07:32","slug":"oto-oltvanji-kako-zaplesti-i-rasplesti-pricu-u-fantasticnom-romanu","status":"publish","type":"page","link":"http:\/\/art-anima.com\/festival\/oto-oltvanji-kako-zaplesti-i-rasplesti-pricu-u-fantasticnom-romanu\/","title":{"rendered":"Oto Oltvanji: Kako zaplesti i rasplesti pri\u010du u fantasti\u010dnom romanu"},"content":{"rendered":"<p><span style=\"color: #000000;\">Autor \u0107e sa zainteresovanima podeliti sopstvena radna iskustva, izme\u0111u ostalog, o va\u017enosti odabira trenutka ulaska u pri\u010du i osmi\u0161ljenosti njenog fantasti\u010dnog elementa, o dr\u017eanju pa\u017enje \u010ditalaca, organizaciji strukture, vo\u0111enju likova i sukobu teorije i prakse, a sve potkrepljeno brojnim primerima iz istorije fantasti\u010dne knji\u017eevnosti. Predavanje \u0107e obuhvatiti segmente: \u0160ta je zaplet? \u2013 Kako po\u010deti? \u2013 Fantasti\u010dni svetovi\u00a0 \u2013 Ne\u0161to \u0161to do sada nismo videli \u2013 Iniciraju\u0107i doga\u0111aj \u2013 Likovi ili zaplet \u2013 Struktura \u2013 Tri ili pet \u010dinova \u2013 Scenosled \u2013 Sredi\u0161nja ta\u010dka \u2013 Mo\u017ee li hepiend? \u2013 Va\u017enost samosvesnog pristupa.<\/span><\/p>\n<p><a href=\"http:\/\/art-anima.com\/festival\/wp-content\/uploads\/2014\/04\/spacer32.png\"><img loading=\"lazy\" decoding=\"async\" class=\"alignnone size-full wp-image-242\" src=\"http:\/\/art-anima.com\/festival\/wp-content\/uploads\/2014\/04\/spacer32.png\" alt=\"spacer32\" width=\"32\" height=\"32\" \/><\/a><\/p>\n<p><strong>Oto Oltvanji<\/strong><\/p>\n<p>Oto Oltvanji je ro\u0111en 1971. godine u Novom Sadu, ali je tamo i\u0161ao samo da se rodi. Odrastao je u Subotici. \u017divi u Beogradu.<\/p>\n<p>Objavio je romane\u00a0\u201cCrne cipele\u201d (2005) i \u201cKi\u010dma no\u0107i\u201d (2010), oba u izdanju \u201cSamizdat B92\u201d.<\/p>\n<p>Preko trideset njegovih pri\u010da \u0161tampano je u raznim antologijama, \u010dasopisima i glasilima.<\/p>\n<p>Pisao je za \u010dasopise \u201cVreme\u201d, \u201cPresing\u201d, \u201cNeon\u201d, \u201cHuper\u201d i druge.<\/p>\n<p>Sa ilustratorom Ivanom Pejki\u0107em radio je na serijalu \u201cAgencija za \u010dudovi\u0161ta\u201d za \u010dasopis \u201cTik-Tak\u201d.<\/p>\n<p>Preveo je, izme\u0111u ostalog, dela Lucijusa \u0160eparda, Dejvida \u0160oa, D\u017eord\u017ea Pelekanosa i D\u017eonatana Letema.<\/p>\n<p>Kad se nameste zvezde, ogla\u0161ava se na: <a href=\"http:\/\/www.otooltvanji.com\/\">http:\/\/www.otooltvanji.com<\/a><\/p>\n","protected":false},"excerpt":{"rendered":"<p>Autor \u0107e sa zainteresovanima podeliti sopstvena radna iskustva, izme\u0111u ostalog, o va\u017enosti odabira trenutka ulaska u pri\u010du i osmi\u0161ljenosti njenog fantasti\u010dnog elementa, o dr\u017eanju pa\u017enje \u010ditalaca, organizaciji strukture, vo\u0111enju likova i sukobu teorije i prakse, a sve potkrepljeno brojnim primerima iz istorije fantasti\u010dne knji\u017eevnosti. Predavanje \u0107e obuhvatiti segmente: \u0160ta je zaplet? \u2013 Kako po\u010deti? \u2013 [&hellip;]<\/p>\n","protected":false},"author":2,"featured_media":297,"parent":0,"menu_order":0,"comment_status":"open","ping_status":"open","template":"","meta":{"footnotes":""},"class_list":["post-296","page","type-page","status-publish","has-post-thumbnail","hentry"],"_links":{"self":[{"href":"http:\/\/art-anima.com\/festival\/wp-json\/wp\/v2\/pages\/296"}],"collection":[{"href":"http:\/\/art-anima.com\/festival\/wp-json\/wp\/v2\/pages"}],"about":[{"href":"http:\/\/art-anima.com\/festival\/wp-json\/wp\/v2\/types\/page"}],"author":[{"embeddable":true,"href":"http:\/\/art-anima.com\/festival\/wp-json\/wp\/v2\/users\/2"}],"replies":[{"embeddable":true,"href":"http:\/\/art-anima.com\/festival\/wp-json\/wp\/v2\/comments?post=296"}],"version-history":[{"count":2,"href":"http:\/\/art-anima.com\/festival\/wp-json\/wp\/v2\/pages\/296\/revisions"}],"predecessor-version":[{"id":344,"href":"http:\/\/art-anima.com\/festival\/wp-json\/wp\/v2\/pages\/296\/revisions\/344"}],"wp:featuredmedia":[{"embeddable":true,"href":"http:\/\/art-anima.com\/festival\/wp-json\/wp\/v2\/media\/297"}],"wp:attachment":[{"href":"http:\/\/art-anima.com\/festival\/wp-json\/wp\/v2\/media?parent=296"}],"curies":[{"name":"wp","href":"https:\/\/api.w.org\/{rel}","templated":true}]}}