{"id":326,"date":"2014-05-07T22:43:23","date_gmt":"2014-05-07T20:43:23","guid":{"rendered":"http:\/\/art-anima.com\/festival\/?page_id=326"},"modified":"2014-05-07T22:43:23","modified_gmt":"2014-05-07T20:43:23","slug":"predstavljanje-emitora-486","status":"publish","type":"page","link":"http:\/\/art-anima.com\/festival\/predstavljanje-emitora-486\/","title":{"rendered":"Predstavljanje Emitora #486"},"content":{"rendered":"<p><strong>SUBOTA\u00a017.5.2014, 18.30h<\/strong><\/p>\n<p>Dru\u0161tvo ljubitelja fantastike \u201eLazar Komar\u010di\u0107\u201c osnovano je 1981. godine u Beogradu i u kontinuitetu deluje na promociji i produkciji doma\u0107e fantastike, naro\u010dito u oblasti knji\u017eevnosti. Pored redovnih tribina ponedeljkom u Domu omladine, gde se pretresaju aktuelnosti iz svih oblika fantasti\u010dkog stvarala\u0161tva, Dru\u0161tvo ure\u0111uje i izdaje:<\/p>\n<p>&#8211; \u010dasopis \u201eEmitor\u201c, koji kroz magazinsku ili tematsku formu donosi pri\u010de, prikaze, eseje, ilustracije, stripove itd<br \/>\n&#8211; zbirke pri\u010da, koje su se preto\u010dile u<br \/>\n&#8211; seriju antologija pri\u010da fantastike pod nazivom \u201eAnomalija\u201c, koja lagano ali sigurno uspostavlja novu tradiciju.<\/p>\n<p>Na Festivalu Dru\u0161tvo \u0107e predstaviti Emitor #486, tematski broj koji sadr\u017ei odabrane pri\u010de, pesme i ilustracije sa konkursa za oma\u017e Hauardu Filipsu Lavkraftu, piscu kosmi\u010dke strave.<\/p>\n","protected":false},"excerpt":{"rendered":"<p>SUBOTA\u00a017.5.2014, 18.30h Dru\u0161tvo ljubitelja fantastike \u201eLazar Komar\u010di\u0107\u201c osnovano je 1981. godine u Beogradu i u kontinuitetu deluje na promociji i produkciji doma\u0107e fantastike, naro\u010dito u oblasti knji\u017eevnosti. Pored redovnih tribina ponedeljkom u Domu omladine, gde se pretresaju aktuelnosti iz svih oblika fantasti\u010dkog stvarala\u0161tva, Dru\u0161tvo ure\u0111uje i izdaje: &#8211; \u010dasopis \u201eEmitor\u201c, koji kroz magazinsku ili tematsku [&hellip;]<\/p>\n","protected":false},"author":2,"featured_media":327,"parent":0,"menu_order":0,"comment_status":"open","ping_status":"open","template":"","meta":{"footnotes":""},"class_list":["post-326","page","type-page","status-publish","has-post-thumbnail","hentry"],"_links":{"self":[{"href":"http:\/\/art-anima.com\/festival\/wp-json\/wp\/v2\/pages\/326"}],"collection":[{"href":"http:\/\/art-anima.com\/festival\/wp-json\/wp\/v2\/pages"}],"about":[{"href":"http:\/\/art-anima.com\/festival\/wp-json\/wp\/v2\/types\/page"}],"author":[{"embeddable":true,"href":"http:\/\/art-anima.com\/festival\/wp-json\/wp\/v2\/users\/2"}],"replies":[{"embeddable":true,"href":"http:\/\/art-anima.com\/festival\/wp-json\/wp\/v2\/comments?post=326"}],"version-history":[{"count":1,"href":"http:\/\/art-anima.com\/festival\/wp-json\/wp\/v2\/pages\/326\/revisions"}],"predecessor-version":[{"id":328,"href":"http:\/\/art-anima.com\/festival\/wp-json\/wp\/v2\/pages\/326\/revisions\/328"}],"wp:featuredmedia":[{"embeddable":true,"href":"http:\/\/art-anima.com\/festival\/wp-json\/wp\/v2\/media\/327"}],"wp:attachment":[{"href":"http:\/\/art-anima.com\/festival\/wp-json\/wp\/v2\/media?parent=326"}],"curies":[{"name":"wp","href":"https:\/\/api.w.org\/{rel}","templated":true}]}}