{"id":331,"date":"2014-05-07T22:50:34","date_gmt":"2014-05-07T20:50:34","guid":{"rendered":"http:\/\/art-anima.com\/festival\/?page_id=331"},"modified":"2014-05-07T22:50:34","modified_gmt":"2014-05-07T20:50:34","slug":"predstavljanje-izdavacke-kuce-tardiszamajac","status":"publish","type":"page","link":"http:\/\/art-anima.com\/festival\/predstavljanje-izdavacke-kuce-tardiszamajac\/","title":{"rendered":"Predstavljanje izdava\u010dke ku\u0107e Tardis\/Zamajac"},"content":{"rendered":"<p><strong>SUBOTA\u00a017.5.2014, 18.00h<\/strong><\/p>\n<p>Izdava\u010dka ku\u0107a \u201eTardis\u201c je otpo\u010dela svoju misiju 2007. godine, sa ciljem da javnosti predstavi dela doma\u0107e fantastike kao ravnopravan i vredan doprinos korpusu savremene srpske knji\u017eevnosti. Izneto je na svetlo skriveno blago srpske fantastike, a data je \u0161ansa i mladim piscima da se dostojno prika\u017eu. Danas, sedam godina i preko \u010detrdeset naslova kasnije, svedoci smo male revolucije koja je nastupila u o\u010dima javnosti i \u010ditala\u0161tva, i koji sada znatno slobodnije i sa rado\u0161\u0107u prihvataju nove doma\u0107e naslove fanastike. \u201eTardis\u201c se u me\u0111uvremenu malo primirio, u\u0161u\u0161kao u tihom uglu i regenerisao u \u201eZamajac\u201c. Stari izdava\u010dki entitet \u0107e u novom ruhu i pod novim imenom nastaviti da krstari kroz prostranstva fantastike, a ovom prilikom \u0107emo se podsetiti svih edicija i naslova \u201eTardisa\u201c, koji su taj kurs i zacrtali.<\/p>\n","protected":false},"excerpt":{"rendered":"<p>SUBOTA\u00a017.5.2014, 18.00h Izdava\u010dka ku\u0107a \u201eTardis\u201c je otpo\u010dela svoju misiju 2007. godine, sa ciljem da javnosti predstavi dela doma\u0107e fantastike kao ravnopravan i vredan doprinos korpusu savremene srpske knji\u017eevnosti. Izneto je na svetlo skriveno blago srpske fantastike, a data je \u0161ansa i mladim piscima da se dostojno prika\u017eu. Danas, sedam godina i preko \u010detrdeset naslova kasnije, [&hellip;]<\/p>\n","protected":false},"author":2,"featured_media":332,"parent":0,"menu_order":0,"comment_status":"open","ping_status":"open","template":"","meta":{"footnotes":""},"class_list":["post-331","page","type-page","status-publish","has-post-thumbnail","hentry"],"_links":{"self":[{"href":"http:\/\/art-anima.com\/festival\/wp-json\/wp\/v2\/pages\/331"}],"collection":[{"href":"http:\/\/art-anima.com\/festival\/wp-json\/wp\/v2\/pages"}],"about":[{"href":"http:\/\/art-anima.com\/festival\/wp-json\/wp\/v2\/types\/page"}],"author":[{"embeddable":true,"href":"http:\/\/art-anima.com\/festival\/wp-json\/wp\/v2\/users\/2"}],"replies":[{"embeddable":true,"href":"http:\/\/art-anima.com\/festival\/wp-json\/wp\/v2\/comments?post=331"}],"version-history":[{"count":1,"href":"http:\/\/art-anima.com\/festival\/wp-json\/wp\/v2\/pages\/331\/revisions"}],"predecessor-version":[{"id":333,"href":"http:\/\/art-anima.com\/festival\/wp-json\/wp\/v2\/pages\/331\/revisions\/333"}],"wp:featuredmedia":[{"embeddable":true,"href":"http:\/\/art-anima.com\/festival\/wp-json\/wp\/v2\/media\/332"}],"wp:attachment":[{"href":"http:\/\/art-anima.com\/festival\/wp-json\/wp\/v2\/media?parent=331"}],"curies":[{"name":"wp","href":"https:\/\/api.w.org\/{rel}","templated":true}]}}