{"id":341,"date":"2014-05-08T09:20:53","date_gmt":"2014-05-08T07:20:53","guid":{"rendered":"http:\/\/art-anima.com\/festival\/?page_id=341"},"modified":"2014-05-08T09:20:53","modified_gmt":"2014-05-08T07:20:53","slug":"pavle-zelic-dragan-paunovic-i-zeljko-obrenovic-strip-i-knjizevnost","status":"publish","type":"page","link":"http:\/\/art-anima.com\/festival\/pavle-zelic-dragan-paunovic-i-zeljko-obrenovic-strip-i-knjizevnost\/","title":{"rendered":"Pavle Zeli\u0107, Dragan Paunovi\u0107 i \u017deljko Obrenovi\u0107: \u201cStrip i knji\u017eevnost\u201d"},"content":{"rendered":"<p>I ina\u010de logi\u010dna i jaka veza dve srodne umetnosti, knji\u017eevnosti i stripa, u poslednjih nekoliko godina je i u svetu ali i na ovim prostorima dodatno potvr\u0111ena nekolicinom uspe\u0161nih i kvalitetnih dela, kao i prepoznavanjem od strane publike i kritike. U slu\u010daju stripova\u00a0 to predstavlja ili inkorpoririranje izra\u017eenih literarnih elementa, motiva i likova, ili su u pitanju direktne adaptacije postoje\u0107ih romana i pri\u010da. \u0160to se ti\u010de same knji\u017eevnosti, zna\u010dajan broj pisaca i u Srbiji upotrebljava vizuelni, i to nagla\u0161eno stripovski na\u010din pripovedanja, \u0161to uz upotrebu popkulturnih oma\u017ea koji uklju\u010duju i strip pa i bogato ilustrovane knjige od strane na\u0161ih najza\u010dajnijih strip crta\u010da i ilustratora ozna\u010dava definitivno spajanje ova dva medijuma.<\/p>\n<p><a style=\"color: #0033ff;\" href=\"http:\/\/art-anima.com\/festival\/wp-content\/uploads\/2014\/04\/spacer32.png\"><img loading=\"lazy\" decoding=\"async\" class=\"alignnone size-full wp-image-242\" src=\"http:\/\/art-anima.com\/festival\/wp-content\/uploads\/2014\/04\/spacer32.png\" alt=\"spacer32\" width=\"32\" height=\"32\" \/><\/a><\/p>\n<p><strong>Dragan Paunovi\u0107<\/strong><\/p>\n<p>Ro\u0111en 1981. u Majdanpeku. Diplomirao na Vi\u0161oj \u0161koli likovnih i primenjenih umetnosti u Beogradu, na odseku za nastavnika likovne kulture. Trenutno \u017eivi i radi u Beogradu (ta\u010dnije, snabdeva tr\u017ei\u0161te komercijalnim slikama, ilustracijama, crte\u017eima za tetova\u017ee i omote bendova). Nekad davno (pre stavljanja svojih mogu\u0107nosti u ruke bezdu\u0161nih galerista) ozbiljnije se bavio slikarstvom, te je u\u010destvovao na vi\u0161e grupnih i par samostalnih izlo\u017ebi, dok se u poslednje vreme okre\u0107e stripu i ilustraciji. U pravi \u010das.<\/p>\n<p>Dobitnik nagrade Me\u0111unarodnog Salona stripa u Beogradu za najbolji crte\u017e 2008. godine., objavljivao ilustracije u brojnim publikacijama, a kratak strip u antologiji \u201eNovi srpski strip 2009.\u201c. Sa scenaristom Pavlom Zeli\u0107em objavio izuzetno uspe\u0161an strip album \u201eDru\u017eina Dardaneli: poljubac leptirice\u201c (System comics, 2011.) kao dva albuma strip adaptacije jednog od najuspe\u0161nijih modernih srpskih romana \u201eKonstantinovog raskr\u0161\u0107a\u201c, za koje je scenario potpisao sam pisac, Dejan Stojiljkovi\u0107. U pitanju su \u201eKontantinovo raskr\u0161\u0107e \u2013 kraljevstvo krvi\u201c koji je objavljen 2012. godine i \u201cKonstantinovo raskr\u0161\u0107e II \u2013 Nasle\u0111e predaka\u201d 2013. godine, oba tako\u0111e izdata od strane System comics-a.<\/p>\n<p><strong>Pavle Zeli\u0107<\/strong><\/p>\n<p>Pavle Zeli\u0107 je ro\u0111en 1979. godine u Beogradu, po zanimanju je diplomirani farmaceut i radi u struci. Pri\u010de su mu objavljivane u \u201ePolitici\u201c, \u201eNIN-u\u201c, \u201eGradini\u201c, \u201eUlaznici\u201c, i mnogim drugim knji\u017eevnim i popularnim \u010dasopisima kao i u velikom broju antologija u zemlji i regionu (Hrvatska, Bosna i Hercegovina, Crna Gora, Gr\u010dka).<\/p>\n<p>Pi\u0161e knji\u017eevnu,\u00a0<a style=\"color: #0033ff;\" href=\"http:\/\/sr.wikipedia.org\/wiki\/Filmska_kritika\">filmsku<\/a>\u00a0i kritike stripova, kao i eseje za razne \u0161tampane i\u00a0<em>online<\/em>\u00a0\u010dasopise.<\/p>\n<p>Urednik je zbirke pri\u010da erotske fantastike \u201eUgriz strasti\u201c(2007. \u2013 projekat Ministarstva kulture Republike Srbije). Kao jednom od pobednika na konkursu Matice srpske za ediciju\u00a0<em>Prva knjiga<\/em>, 2009. godine objavljena mu je zbirka pri\u010da \u201ePoslednja velika avantura\u201c. Dobitnik je i nagrade \u201eLjubomir Damnjanovi\u0107\u201c koju dodeljuje Dru\u0161tvo \u201eLazar Komar\u010di\u0107\u201c iz Beograda za godinu 2007\/2008 i nagrada za najboljeg mladog strip teoreti\u010dara na X i XI Balkanskoj smotri mladih strip autora u Leskovcu 2008. i 2009. godine.<\/p>\n<p>Bio je scenarista ve\u0107eg broja kratkih stripova a 2011. godine mu je za izdava\u010da System comics objavljen prvi strip album: \u201eDru\u017eina Dardaneli: poljubac leptirice\u201c koji je nacrtao Dragan Paunovi\u0107.<\/p>\n<p>Prvi roman \u201ePe\u0161\u010dana hronika\u201c mu je objavljen 2013. godine za Lagunu.<\/p>\n<p><strong>\u017deljko Obrenovi\u0107\u00a0<\/strong><\/p>\n<p>\u017deljko Obrenovi\u0107 je ro\u0111en 1982. godine u Valjevu. Diplomirao je na katedri za srpsku knji\u017eevnost na Filolo\u0161kom fakultetu u Beogradu. Autor je scenarija za strip album <em>Muzej \u0111ubreta <\/em>(System Comics, 2014), romana <em>Talog<\/em> (Booking, 2012) i romana <em>Srpski psiho<\/em> (Laguna, 2007). Pored pisanja, bavi se stripom i muzikom. Objavio je nebrojano filmskih i knji\u017eevnih prikaza (<em>Gradina<\/em>, <em>Playboy<\/em>, <em>Pressing<\/em>, <em>Frenzy Spark<\/em>, <em>UPPS<\/em>, <em>Fresh McCann<\/em>, <em>City Magazine<\/em>); dobitnik je nagrade Ukademije umetnosti na konkursu <em>U potrazi za novom pri\u010dom<\/em>, kao i McCann Ericsonove nagrade za lice meseca. Roman <em>Srpski psiho<\/em> \u00a0i pri\u010da <em>Ko je ubio ljubav<\/em> prevedeni su na poljski jezik. Pri\u010de su mu objavljene u <em>Tre\u0107em trgu<\/em>, <em>Emitoru<\/em>, <em>Trashu<\/em>, <em>Zborniku radionice za pisanje poezije i proze<\/em>, <em>Art-Animi<\/em>, <em>Helly Cherryju<\/em>, a strip <em>Devojka slabog imuniteta<\/em> u antologiji <em>Balkan Twilight.<\/em> E-mail: <a href=\"mailto:zeljkoobrenovic@gmail.com\">zeljkoobrenovic@gmail.com<\/a>, blog: zeljko-obrenovic.blogspot.com, twitter: @PopKulturaBlog<\/p>\n","protected":false},"excerpt":{"rendered":"<p>I ina\u010de logi\u010dna i jaka veza dve srodne umetnosti, knji\u017eevnosti i stripa, u poslednjih nekoliko godina je i u svetu ali i na ovim prostorima dodatno potvr\u0111ena nekolicinom uspe\u0161nih i kvalitetnih dela, kao i prepoznavanjem od strane publike i kritike. U slu\u010daju stripova\u00a0 to predstavlja ili inkorpoririranje izra\u017eenih literarnih elementa, motiva i likova, ili su [&hellip;]<\/p>\n","protected":false},"author":2,"featured_media":339,"parent":0,"menu_order":0,"comment_status":"open","ping_status":"open","template":"","meta":{"footnotes":""},"class_list":["post-341","page","type-page","status-publish","has-post-thumbnail","hentry"],"_links":{"self":[{"href":"http:\/\/art-anima.com\/festival\/wp-json\/wp\/v2\/pages\/341"}],"collection":[{"href":"http:\/\/art-anima.com\/festival\/wp-json\/wp\/v2\/pages"}],"about":[{"href":"http:\/\/art-anima.com\/festival\/wp-json\/wp\/v2\/types\/page"}],"author":[{"embeddable":true,"href":"http:\/\/art-anima.com\/festival\/wp-json\/wp\/v2\/users\/2"}],"replies":[{"embeddable":true,"href":"http:\/\/art-anima.com\/festival\/wp-json\/wp\/v2\/comments?post=341"}],"version-history":[{"count":1,"href":"http:\/\/art-anima.com\/festival\/wp-json\/wp\/v2\/pages\/341\/revisions"}],"predecessor-version":[{"id":342,"href":"http:\/\/art-anima.com\/festival\/wp-json\/wp\/v2\/pages\/341\/revisions\/342"}],"wp:featuredmedia":[{"embeddable":true,"href":"http:\/\/art-anima.com\/festival\/wp-json\/wp\/v2\/media\/339"}],"wp:attachment":[{"href":"http:\/\/art-anima.com\/festival\/wp-json\/wp\/v2\/media?parent=341"}],"curies":[{"name":"wp","href":"https:\/\/api.w.org\/{rel}","templated":true}]}}