{"id":361,"date":"2014-05-12T09:14:54","date_gmt":"2014-05-12T07:14:54","guid":{"rendered":"http:\/\/art-anima.com\/festival\/?page_id=361"},"modified":"2014-05-12T09:15:04","modified_gmt":"2014-05-12T07:15:04","slug":"tribina-beograd-u-knjizevnim-delima-fantastike-2","status":"publish","type":"page","link":"http:\/\/art-anima.com\/festival\/tribina-beograd-u-knjizevnim-delima-fantastike-2\/","title":{"rendered":"Tribina &#8220;Beograd u knji\u017eevnim delima fantastike&#8221;"},"content":{"rendered":"<p>U okviru tribine \u201cBeograd u knji\u017eevnim delima fantastike\u201d govori\u0107e se pre svega o pro\u0161losti i sada\u0161njosti Beograda kao izvoru knji\u017eevne inspiracije. Pisci Goran Skrobonja, Miomir Petrovi\u0107 i Pavle Zeli\u0107, koji su na\u0161 glavni grad izabrali za pozornicu svojih romana, podeli\u0107e sa posetiocima festivala iskustva u istra\u017eivanju koje ih je navelo da svoje pri\u010de smeste u odre\u0111ene vremenske okvire, kao i na razli\u010dite lokacije \u0161irom Beograda. Bi\u0107e re\u010di i o razlikama izme\u0111u svakog od \u201ealternativnih\u201c Beograda i onog koji poznajemo, kao i o tome kakvu sliku o gradu mo\u017eemo ste\u0107i na osnovu dela ovih autora.<\/p>\n<p>Tribinu vodi Irena Daji\u0107.<\/p>\n","protected":false},"excerpt":{"rendered":"<p>U okviru tribine \u201cBeograd u knji\u017eevnim delima fantastike\u201d govori\u0107e se pre svega o pro\u0161losti i sada\u0161njosti Beograda kao izvoru knji\u017eevne inspiracije. Pisci Goran Skrobonja, Miomir Petrovi\u0107 i Pavle Zeli\u0107, koji su na\u0161 glavni grad izabrali za pozornicu svojih romana, podeli\u0107e sa posetiocima festivala iskustva u istra\u017eivanju koje ih je navelo da svoje pri\u010de smeste u [&hellip;]<\/p>\n","protected":false},"author":2,"featured_media":362,"parent":0,"menu_order":0,"comment_status":"open","ping_status":"open","template":"","meta":{"footnotes":""},"class_list":["post-361","page","type-page","status-publish","has-post-thumbnail","hentry"],"_links":{"self":[{"href":"http:\/\/art-anima.com\/festival\/wp-json\/wp\/v2\/pages\/361"}],"collection":[{"href":"http:\/\/art-anima.com\/festival\/wp-json\/wp\/v2\/pages"}],"about":[{"href":"http:\/\/art-anima.com\/festival\/wp-json\/wp\/v2\/types\/page"}],"author":[{"embeddable":true,"href":"http:\/\/art-anima.com\/festival\/wp-json\/wp\/v2\/users\/2"}],"replies":[{"embeddable":true,"href":"http:\/\/art-anima.com\/festival\/wp-json\/wp\/v2\/comments?post=361"}],"version-history":[{"count":2,"href":"http:\/\/art-anima.com\/festival\/wp-json\/wp\/v2\/pages\/361\/revisions"}],"predecessor-version":[{"id":364,"href":"http:\/\/art-anima.com\/festival\/wp-json\/wp\/v2\/pages\/361\/revisions\/364"}],"wp:featuredmedia":[{"embeddable":true,"href":"http:\/\/art-anima.com\/festival\/wp-json\/wp\/v2\/media\/362"}],"wp:attachment":[{"href":"http:\/\/art-anima.com\/festival\/wp-json\/wp\/v2\/media?parent=361"}],"curies":[{"name":"wp","href":"https:\/\/api.w.org\/{rel}","templated":true}]}}