{"id":446,"date":"2015-05-22T20:50:25","date_gmt":"2015-05-22T18:50:25","guid":{"rendered":"http:\/\/art-anima.com\/festival\/?page_id=446"},"modified":"2024-05-23T08:08:26","modified_gmt":"2024-05-23T06:08:26","slug":"program-festivala-2015","status":"publish","type":"page","link":"http:\/\/art-anima.com\/festival\/program-festivala-2015\/","title":{"rendered":"Program 2015"},"content":{"rendered":"<p><strong>Utorak 02. jun 2015.<\/strong><\/p>\n\n<table id=\"tablepress-4\" class=\"tablepress tablepress-id-4\">\n<thead>\n<tr class=\"row-1\">\n\t<th class=\"column-1\">Vreme<\/th><th class=\"column-2\">Doga\u0111aj<\/th><th class=\"column-3\">U\u010desnici<\/th>\n<\/tr>\n<\/thead>\n<tbody class=\"row-striping row-hover\">\n<tr class=\"row-2\">\n\t<td class=\"column-1\">16:00<\/td><td class=\"column-2\"><a href=\"http:\/\/art-anima.com\/festival\/2015\/05\/natasa-tuncev-humanost-i-pitanje-opstanka-u-orvelovoj-1984\/\">Predavanje: \"Humanost i pitanje opstanka u Orvelovoj 1984\"<\/a><\/td><td class=\"column-3\">mr Nata\u0161a Tu\u010dev<\/td>\n<\/tr>\n<tr class=\"row-3\">\n\t<td class=\"column-1\">17:00<\/td><td class=\"column-2\">Promocija: \"Granice na vjetru\" Veronika Santo<\/td><td class=\"column-3\">Veronika Santo, Boban Kne\u017eevi\u0107, Miodrag Milovanovi\u0107<\/td>\n<\/tr>\n<tr class=\"row-4\">\n\t<td class=\"column-1\">18:00<\/td><td class=\"column-2\">Promocija almanaha Knji\u017eevna fantastika i dodela nagrade Art-Anima<\/td><td class=\"column-3\">Dragoljub Igro\u0161anac, Mladen Milosavljevi\u0107, Nikola Petakovi\u0107 i autori<\/td>\n<\/tr>\n<tr class=\"row-5\">\n\t<td class=\"column-1\">19:30<\/td><td class=\"column-2\">Tribina: \"Strip mra\u010dne fantastike u knji\u017eevnosti i drugim umetnostima: Sendmen i Okru\u017een mrtvima\"<\/td><td class=\"column-3\">Goran Skrobonja, Milan Jovanovi\u0107, Dra\u0161ko Roganovi\u0107, Milan Konjevi\u0107<\/td>\n<\/tr>\n<tr class=\"row-6\">\n\t<td class=\"column-1\">21:00<\/td><td class=\"column-2\">Promocija zbirke \u201cPoklade\u201d Gorana Skrobonje<\/td><td class=\"column-3\">Goran Skrobonja i \u0110or\u0111e Baji\u0107<\/td>\n<\/tr>\n<\/tbody>\n<\/table>\n<!-- #tablepress-4 from cache -->\n<p><strong>Sreda\u00a003. jun 2015.<\/strong><\/p>\n\n<table id=\"tablepress-5\" class=\"tablepress tablepress-id-5\">\n<thead>\n<tr class=\"row-1\">\n\t<th class=\"column-1\">Vreme<\/th><th class=\"column-2\">Doga\u0111aj<\/th><th class=\"column-3\">U\u010desnici<\/th>\n<\/tr>\n<\/thead>\n<tbody class=\"row-striping row-hover\">\n<tr class=\"row-2\">\n\t<td class=\"column-1\">16:00<\/td><td class=\"column-2\"><a href=\"http:\/\/art-anima.com\/festival\/2015\/05\/tijana-tropin-granice-zanra-leo-peruc-izmedu-fantastike-istorijskog-i-detektivskog-romana\/\">Predavanje: \"Granice \u017eanra: Leo Peruc izme\u0111u fantastike, istorijskog i detektivskog romana\"<\/a><\/td><td class=\"column-3\">dr Tijana Tropin<\/td>\n<\/tr>\n<tr class=\"row-3\">\n\t<td class=\"column-1\">17:00<\/td><td class=\"column-2\">Promocija zbirke \"Kratke pri\u010de i Akvarijum za zlatnog kara\u0161a\" Radmila An\u0111elkovi\u0107a i razgovor o pisanju kratkih pri\u010da<\/td><td class=\"column-3\">Radmilo An\u0111elkovi\u0107 i Dragoljub Igro\u0161anac<\/td>\n<\/tr>\n<tr class=\"row-4\">\n\t<td class=\"column-1\">18:00<\/td><td class=\"column-2\">Predstavljanje Refestikona i festivalskih zbirki \"Nevidbog\", \"Prsten s one strane sna\" i \"\u0110avolji prst\".<\/td><td class=\"column-3\">Dragi\u0107 Rabrenovi\u0107, Irena Daji\u0107, Dragoljub Igro\u0161anac<\/td>\n<\/tr>\n<tr class=\"row-5\">\n\t<td class=\"column-1\">19:00<\/td><td class=\"column-2\">Tribina o vampirima u folklornoj fantastici i knji\u017eevnosti<\/td><td class=\"column-3\">dr Dejan Ognjanovi\u0107, dr Danijel Sinani, Vlada Arsi\u0107, Aca Seltik, Mladen Milosavljevi\u0107<\/td>\n<\/tr>\n<tr class=\"row-6\">\n\t<td class=\"column-1\">20:30<\/td><td class=\"column-2\">Zoran \u017divkovi\u0107 o velikanima SF knji\u017eevnosti<\/td><td class=\"column-3\">prof. dr Zoran \u017divkovi\u0107, Dragoljub Igro\u0161anac<\/td>\n<\/tr>\n<\/tbody>\n<\/table>\n<!-- #tablepress-5 from cache -->\n<p><strong>\u010cetvrtak\u00a004. jun 2015.<\/strong><\/p>\n\n<table id=\"tablepress-6\" class=\"tablepress tablepress-id-6\">\n<thead>\n<tr class=\"row-1\">\n\t<th class=\"column-1\">Vreme<\/th><th class=\"column-2\">Doga\u0111aj<\/th><th class=\"column-3\">U\u010desnici<\/th>\n<\/tr>\n<\/thead>\n<tbody class=\"row-striping row-hover\">\n<tr class=\"row-2\">\n\t<td class=\"column-1\">17:00<\/td><td class=\"column-2\">Tribina o urbanim legendama<\/td><td class=\"column-3\">Jovan Risti\u0107 i Branislava Jokovi\u0107<\/td>\n<\/tr>\n<tr class=\"row-3\">\n\t<td class=\"column-1\">18:30<\/td><td class=\"column-2\">Dodela nagrada autorima najboljih radova sa konkursa \"Fantasti\u010dna knji\u017eevnost okom foto-kamere\"<\/td><td class=\"column-3\"><\/td>\n<\/tr>\n<tr class=\"row-4\">\n\t<td class=\"column-1\">19:00<\/td><td class=\"column-2\">Predstavljanje izdava\u010dke ku\u0107e \u201cGavran\u201d<\/td><td class=\"column-3\">Milena Dasukidis, Aleksandra Rajkovi\u0107, dr Dejan Ognjanovi\u0107<\/td>\n<\/tr>\n<tr class=\"row-5\">\n\t<td class=\"column-1\">20.30<\/td><td class=\"column-2\">Promocija romana \u201cSlobodanida\u201d i zbirke \u201cSlutnja Androida\u201d Bobana Kne\u017eevi\u0107a<\/td><td class=\"column-3\">Boban Kne\u017eevi\u0107, Zoran Stefanovi\u0107, gosti iznena\u0111enja (likovi iz knjige)<\/td>\n<\/tr>\n<\/tbody>\n<\/table>\n<!-- #tablepress-6 from cache -->\n<p>&nbsp;<\/p>\n<p><strong>Napomena: program festivala podlo\u017ean je promenama<\/strong><\/p>\n<p>&#8230;<\/p>\n<p>Arhiva:<\/p>\n<p><a href=\"https:\/\/art-anima.com\/festival\/program-2024\/\" target=\"_blank\">Program festivala 2024.<\/a>\u00a0&#8211; Dor\u0107ol Platz \/ Koska Bar (08. i 09. jun)<\/p>\n<p><a href=\"https:\/\/art-anima.com\/festival\/program-2023\/\" target=\"_blank\">Program festivala 2023.<\/a>\u00a0&#8211; Kulturni centar Grad (05. i 06. jul)<\/p>\n<p><a href=\"https:\/\/art-anima.com\/festival\/program-2022\/\" target=\"_blank\">Program festivala 2022.<\/a>\u00a0&#8211; Klub galerija Polet (04. i 05. jul)<\/p>\n<p><a href=\"http:\/\/art-anima.com\/festival\/program-2021\/\">Program festivala 2021.<\/a>\u00a0&#8211; Klub galerija Polet (04. i 05. jul)<\/p>\n<p><a href=\"http:\/\/art-anima.com\/festival\/program-2019\/\">Program festivala 2019.<\/a>\u00a0&#8211;\u00a0Klub galerija Polet (30. maj &#8211; 02. jun),\u00a0Sve\u010dana sala Op\u0161tine Vra\u010dar (03. jun 2019)<\/p>\n<p><a href=\"http:\/\/art-anima.com\/festival\/program-2018\/\">Program festivala 2018.<\/a>\u00a0&#8211; Sve\u010dana sala Op\u0161tine Vra\u010dar (01. jun), Klub galerija Polet (02. i 03. jun 2018.)<\/p>\n<p><a href=\"http:\/\/art-anima.com\/festival\/program-2017\/\">Program festivala 2017<\/a>. &#8211; Klub galerija Polet 03. i 04. jun 2017.<\/p>\n<p><a href=\"http:\/\/art-anima.com\/festival\/program-2016\">Program festivala 2016.<\/a>\u00a0&#8211; Biblioteka grada Beograda 29. maj-02. jun 2016.<\/p>\n<p><a href=\"http:\/\/art-anima.com\/festival\/program-festivala-2015\">Program festivala 2015.<\/a>\u00a0&#8211; Knji\u017eara Plato 02-04. jun 2015.<\/p>\n<p><a href=\"http:\/\/art-anima.com\/festival\/2014\/04\/program-festivala\/\">Program festivala 2014<\/a>. &#8211; UK Palilula 15-17. maj 2014.<\/p>\n","protected":false},"excerpt":{"rendered":"<p>Utorak 02. jun 2015. Sreda\u00a003. jun 2015. \u010cetvrtak\u00a004. jun 2015. &nbsp; Napomena: program festivala podlo\u017ean je promenama &#8230; Arhiva: Program festivala 2024.\u00a0&#8211; Dor\u0107ol Platz \/ Koska Bar (08. i 09. jun) Program festivala 2023.\u00a0&#8211; Kulturni centar Grad (05. i 06. jul) Program festivala 2022.\u00a0&#8211; Klub galerija Polet (04. i 05. jul) Program festivala 2021.\u00a0&#8211; Klub [&hellip;]<\/p>\n","protected":false},"author":2,"featured_media":424,"parent":0,"menu_order":0,"comment_status":"open","ping_status":"open","template":"","meta":{"footnotes":""},"class_list":["post-446","page","type-page","status-publish","has-post-thumbnail","hentry"],"_links":{"self":[{"href":"http:\/\/art-anima.com\/festival\/wp-json\/wp\/v2\/pages\/446"}],"collection":[{"href":"http:\/\/art-anima.com\/festival\/wp-json\/wp\/v2\/pages"}],"about":[{"href":"http:\/\/art-anima.com\/festival\/wp-json\/wp\/v2\/types\/page"}],"author":[{"embeddable":true,"href":"http:\/\/art-anima.com\/festival\/wp-json\/wp\/v2\/users\/2"}],"replies":[{"embeddable":true,"href":"http:\/\/art-anima.com\/festival\/wp-json\/wp\/v2\/comments?post=446"}],"version-history":[{"count":8,"href":"http:\/\/art-anima.com\/festival\/wp-json\/wp\/v2\/pages\/446\/revisions"}],"predecessor-version":[{"id":1431,"href":"http:\/\/art-anima.com\/festival\/wp-json\/wp\/v2\/pages\/446\/revisions\/1431"}],"wp:featuredmedia":[{"embeddable":true,"href":"http:\/\/art-anima.com\/festival\/wp-json\/wp\/v2\/media\/424"}],"wp:attachment":[{"href":"http:\/\/art-anima.com\/festival\/wp-json\/wp\/v2\/media?parent=446"}],"curies":[{"name":"wp","href":"https:\/\/api.w.org\/{rel}","templated":true}]}}