{"id":649,"date":"2017-05-28T15:29:55","date_gmt":"2017-05-28T13:29:55","guid":{"rendered":"http:\/\/art-anima.com\/festival\/?page_id=649"},"modified":"2024-05-23T08:09:08","modified_gmt":"2024-05-23T06:09:08","slug":"program-2017","status":"publish","type":"page","link":"http:\/\/art-anima.com\/festival\/program-2017\/","title":{"rendered":"PROGRAM 2017"},"content":{"rendered":"<p><strong>Subota, 03. jun 2017.<\/strong><\/p>\n\n<table id=\"tablepress-11\" class=\"tablepress tablepress-id-11\">\n<thead>\n<tr class=\"row-1\">\n\t<th class=\"column-1\">Vreme<\/th><th class=\"column-2\">Doga\u0111aj<\/th><th class=\"column-3\">U\u010desnici<\/th>\n<\/tr>\n<\/thead>\n<tbody class=\"row-striping row-hover\">\n<tr class=\"row-2\">\n\t<td class=\"column-1\">14.00<\/td><td class=\"column-2\"><a href=\"http:\/\/art-anima.com\/festival\/2017\/05\/razgovor-s-piscima-otom-oltvanjijem-i-zoranom-stanojevicem\/\">Razgovor s piscima Otom Oltvanjijem i Zoranom Stanojevi\u0107em<\/a><\/td><td class=\"column-3\">Oto Oltvanji i Zoran Stanojevi\u0107. Moderator: Marija Milosavljevi\u0107<\/td>\n<\/tr>\n<tr class=\"row-3\">\n\t<td class=\"column-1\">15.00<\/td><td class=\"column-2\"><a href=\"http:\/\/art-anima.com\/festival\/2017\/06\/predstavljanje-antologije-regia-fantastica-2\/\">Predstavljanje antologije \u201cRegia Fantastica 2\u201c<\/a><\/td><td class=\"column-3\">Urednici Tihomir Jovanovi\u0107 i Svetislav Filipovi\u0107<\/td>\n<\/tr>\n<tr class=\"row-4\">\n\t<td class=\"column-1\">16.00<\/td><td class=\"column-2\"><a href=\"http:\/\/art-anima.com\/festival\/2017\/05\/tolkin-i-mit-istorija-i-arhetip\/\">Tolkin i mit, istorija i arhetip<\/a><\/td><td class=\"column-3\">Dr Nata\u0161a Tu\u010dev i dr Danko Kam\u010devski. Moderator Vlado Rukavina.<\/td>\n<\/tr>\n<tr class=\"row-5\">\n\t<td class=\"column-1\">18.00<\/td><td class=\"column-2\"><a href=\"http:\/\/art-anima.com\/festival\/2017\/06\/promocija-knjige-sokolar-vladimira-lazovica\/\">Promocija knjige \u201cSokolar\u201c Vladimira Lazovi\u0107a<\/a><\/td><td class=\"column-3\">Vladimir Lazovi\u0107 i Zoran Stefanovi\u0107<\/td>\n<\/tr>\n<tr class=\"row-6\">\n\t<td class=\"column-1\">19.00<\/td><td class=\"column-2\"><a href=\"http:\/\/art-anima.com\/festival\/2017\/06\/promocija-knjige-zatocnik-pete-sile-fantasticna-proza-zorana-zivkovica\/\">Promocija knjige \u201eZato\u010dnik pete sile \u2013 fantasti\u010dna proza Zorana \u017divkovi\u0107a\u201c<\/a><\/td><td class=\"column-3\">Prof. dr Ljiljana Pe\u0161ikan Lju\u0161tanovi\u0107, prof. dr Zoran \u017divkovi\u0107, dr Jelena Mari\u0107evi\u0107 i Marijana Jelisav\u010di\u0107<\/td>\n<\/tr>\n<tr class=\"row-7\">\n\t<td class=\"column-1\">20.00<\/td><td class=\"column-2\"><a href=\"http:\/\/art-anima.com\/festival\/2017\/05\/uticaj-artura-makena-na-delo-h-f-lavkrafta\/\">Predavanje: \u201eUticaj Artura Makena na delo H.F. Lavkrafta\u201c<\/a><\/td><td class=\"column-3\">Dr Dejan Ognjanovi\u0107<\/td>\n<\/tr>\n<\/tbody>\n<\/table>\n\n<p><strong>Nedelja, 04. jun 2017.<\/strong><\/p>\n\n<table id=\"tablepress-12\" class=\"tablepress tablepress-id-12\">\n<thead>\n<tr class=\"row-1\">\n\t<th class=\"column-1\">Vreme<\/th><th class=\"column-2\">Doga\u0111aj<\/th><th class=\"column-3\">U\u010desnici<\/th>\n<\/tr>\n<\/thead>\n<tbody class=\"row-striping row-hover\">\n<tr class=\"row-2\">\n\t<td class=\"column-1\">14.00<\/td><td class=\"column-2\"><a href=\"http:\/\/art-anima.com\/festival\/2017\/06\/promocija-zbirke-siva-hronika-milosa-petrika\/\">Promocija zbirke \u201cSiva hronika\u201c Milo\u0161a Petrika<\/a><\/td><td class=\"column-3\">U\u010desnici: Milo\u0161 Petrik, \u017darko Mili\u0107evi\u0107<\/td>\n<\/tr>\n<tr class=\"row-3\">\n\t<td class=\"column-1\">15.00<\/td><td class=\"column-2\"><a href=\"http:\/\/art-anima.com\/festival\/2017\/05\/fikcija-fantastika-i-pank-zanr-u-knjizevnoj-fantastici\/\">Predavanje: \u201eFikcija, fantastika i pank: \u017eanr u knji\u017eevnoj fantastici\u201c<\/a><\/td><td class=\"column-3\">Ma Igor Vuj\u010di\u0107<\/td>\n<\/tr>\n<tr class=\"row-4\">\n\t<td class=\"column-1\">16.00<\/td><td class=\"column-2\"><a href=\"http:\/\/art-anima.com\/festival\/2017\/05\/adaptacija-knjizevne-fantastike-prica-tvog-zivota-vs-dolazak\/\">Predavanje \u201eAdaptacija knji\u017eevne fantastike Pri\u010da tvog \u017eivota vs Dolazak\u201c<\/a><\/td><td class=\"column-3\">Mihajlo Vitezovi\u0107<\/td>\n<\/tr>\n<tr class=\"row-5\">\n\t<td class=\"column-1\">17.30<\/td><td class=\"column-2\"><a href=\"http:\/\/art-anima.com\/festival\/2017\/06\/tribina-za-i-protiv-ekranizacije-dzordz-martin\/\">Tribina \u201eZa i protiv ekranizacije: D\u017eord\u017e R.R. Martin\u201c<\/a><\/td><td class=\"column-3\">Dr Ljiljana Gavrilovi\u0107 i dr Mladen Staji\u0107. Moderator: Na\u0111a Bjelica.<\/td>\n<\/tr>\n<tr class=\"row-6\">\n\t<td class=\"column-1\">19.00<\/td><td class=\"column-2\">Tribina \u201eFilip K. Dik: re-konstruisanje stvarnosti\u201c. <\/td><td class=\"column-3\">Dr Mladen Jakovljevi\u0107, Danilo Lu\u010di\u0107 i Sajsi MC.<\/td>\n<\/tr>\n<tr class=\"row-7\">\n\t<td class=\"column-1\">20.00<\/td><td class=\"column-2\"><a href=\"http:\/\/art-anima.com\/festival\/2017\/06\/promocija-novog-broja-casopisa-knjizevna-fantastika\/\">Predstavljanje \u010dasopisa Knji\u017eevna fantastika i dodela nagrade sa konkursa za kratku pri\u010du<\/a><\/td><td class=\"column-3\">Dragoljub Igro\u0161anac, Mladen Jakovljevi\u0107, Ilija Baki\u0107, Ivan Ne\u0161i\u0107, Danilo Lu\u010di\u0107, Vladimir Manigoda.<\/td>\n<\/tr>\n<\/tbody>\n<\/table>\n\n<p>&nbsp;<\/p>\n<p><span style=\"color: #800000;\"><strong>Napomena: program festivala podlo\u017ean je promenama<\/strong><\/span><\/p>\n<p>&#8230;<\/p>\n<p>Arhiva:<\/p>\n<p><a href=\"https:\/\/art-anima.com\/festival\/program-2024\/\" target=\"_blank\">Program festivala 2024.<\/a>\u00a0&#8211; Dor\u0107ol Platz \/ Koska Bar (08. i 09. jun)<\/p>\n<p><a href=\"https:\/\/art-anima.com\/festival\/program-2023\/\" target=\"_blank\">Program festivala 2023.<\/a>\u00a0&#8211; Kulturni centar Grad (05. i 06. jul)<\/p>\n<p><a href=\"https:\/\/art-anima.com\/festival\/program-2022\/\" target=\"_blank\">Program festivala 2022.<\/a>\u00a0&#8211; Klub galerija Polet (04. i 05. jul)<\/p>\n<p><a href=\"http:\/\/art-anima.com\/festival\/program-2021\/\">Program festivala 2021.<\/a>\u00a0&#8211; Klub galerija Polet (04. i 05. jul)<\/p>\n<p><a href=\"http:\/\/art-anima.com\/festival\/program-2019\/\">Program festivala 2019.<\/a>\u00a0&#8211;\u00a0Klub galerija Polet (30. maj &#8211; 02. jun),\u00a0Sve\u010dana sala Op\u0161tine Vra\u010dar (03. jun 2019)<\/p>\n<p><a href=\"http:\/\/art-anima.com\/festival\/program-2018\/\">Program festivala 2018.<\/a>\u00a0&#8211; Sve\u010dana sala Op\u0161tine Vra\u010dar (01. jun), Klub galerija Polet (02. i 03. jun 2018.)<\/p>\n<p><a href=\"http:\/\/art-anima.com\/festival\/program-2017\/\">Program festivala 2017<\/a>. &#8211; Klub galerija Polet 03. i 04. jun 2017.<\/p>\n<p><a href=\"http:\/\/art-anima.com\/festival\/program-2016\">Program festivala 2016.<\/a>\u00a0&#8211; Biblioteka grada Beograda 29. maj-02. jun 2016.<\/p>\n<p><a href=\"http:\/\/art-anima.com\/festival\/program-festivala-2015\">Program festivala 2015.<\/a>\u00a0&#8211; Knji\u017eara Plato 02-04. jun 2015.<\/p>\n<p><a href=\"http:\/\/art-anima.com\/festival\/2014\/04\/program-festivala\/\">Program festivala 2014<\/a>. &#8211; UK Palilula 15-17. maj 2014.<\/p>\n","protected":false},"excerpt":{"rendered":"<p>Subota, 03. jun 2017. Nedelja, 04. jun 2017. &nbsp; Napomena: program festivala podlo\u017ean je promenama &#8230; Arhiva: Program festivala 2024.\u00a0&#8211; Dor\u0107ol Platz \/ Koska Bar (08. i 09. jun) Program festivala 2023.\u00a0&#8211; Kulturni centar Grad (05. i 06. jul) Program festivala 2022.\u00a0&#8211; Klub galerija Polet (04. i 05. jul) Program festivala 2021.\u00a0&#8211; Klub galerija Polet [&hellip;]<\/p>\n","protected":false},"author":1,"featured_media":663,"parent":0,"menu_order":0,"comment_status":"closed","ping_status":"closed","template":"","meta":{"footnotes":""},"class_list":["post-649","page","type-page","status-publish","has-post-thumbnail","hentry"],"_links":{"self":[{"href":"http:\/\/art-anima.com\/festival\/wp-json\/wp\/v2\/pages\/649"}],"collection":[{"href":"http:\/\/art-anima.com\/festival\/wp-json\/wp\/v2\/pages"}],"about":[{"href":"http:\/\/art-anima.com\/festival\/wp-json\/wp\/v2\/types\/page"}],"author":[{"embeddable":true,"href":"http:\/\/art-anima.com\/festival\/wp-json\/wp\/v2\/users\/1"}],"replies":[{"embeddable":true,"href":"http:\/\/art-anima.com\/festival\/wp-json\/wp\/v2\/comments?post=649"}],"version-history":[{"count":8,"href":"http:\/\/art-anima.com\/festival\/wp-json\/wp\/v2\/pages\/649\/revisions"}],"predecessor-version":[{"id":1433,"href":"http:\/\/art-anima.com\/festival\/wp-json\/wp\/v2\/pages\/649\/revisions\/1433"}],"wp:featuredmedia":[{"embeddable":true,"href":"http:\/\/art-anima.com\/festival\/wp-json\/wp\/v2\/media\/663"}],"wp:attachment":[{"href":"http:\/\/art-anima.com\/festival\/wp-json\/wp\/v2\/media?parent=649"}],"curies":[{"name":"wp","href":"https:\/\/api.w.org\/{rel}","templated":true}]}}