{"id":746,"date":"2018-04-25T08:50:38","date_gmt":"2018-04-25T06:50:38","guid":{"rendered":"http:\/\/art-anima.com\/festival\/?page_id=746"},"modified":"2024-05-23T08:09:27","modified_gmt":"2024-05-23T06:09:27","slug":"program-2018","status":"publish","type":"page","link":"http:\/\/art-anima.com\/festival\/program-2018\/","title":{"rendered":"PROGRAM 2018"},"content":{"rendered":"<p><strong>Petak, 01. jun 2018. &#8211; Op\u0161tina\u00a0Vra\u010dar<\/strong><\/p>\n\n<table id=\"tablepress-13\" class=\"tablepress tablepress-id-13\">\n<thead>\n<tr class=\"row-1\">\n\t<th class=\"column-1\">Vreme<\/th><th class=\"column-2\">Doga\u0111aj<\/th><th class=\"column-3\">U\u010desnici<\/th>\n<\/tr>\n<\/thead>\n<tbody class=\"row-striping row-hover\">\n<tr class=\"row-2\">\n\t<td class=\"column-1\">16.00<\/td><td class=\"column-2\"><\/td><td class=\"column-3\"><\/td>\n<\/tr>\n<tr class=\"row-3\">\n\t<td class=\"column-1\">17.00<\/td><td class=\"column-2\"><a href=\"http:\/\/art-anima.com\/festival\/2018\/05\/eksploratorni-inzenjering-u-delu-ser-artura-klarka\/\">Predavanje \"Eksploratorni in\u017eenjering u delu ser Artura Klarka\"<\/a><\/td><td class=\"column-3\">prof. dr Milan \u0106irkovi\u0107<\/td>\n<\/tr>\n<tr class=\"row-4\">\n\t<td class=\"column-1\">18.00<\/td><td class=\"column-2\"><a href=\"http:\/\/art-anima.com\/festival\/2018\/05\/845\/\">Permanentna revolucija \u2013 feminizam anarhija i utopija u delu Ursule Le Gvin<\/a><\/td><td class=\"column-3\">Na\u0111a Bobi\u010di\u0107, Artea Panajotovi\u0107, Jelena Jokanovi\u0107<\/td>\n<\/tr>\n<tr class=\"row-5\">\n\t<td class=\"column-1\">19.00<\/td><td class=\"column-2\"><a href=\"http:\/\/art-anima.com\/festival\/2018\/05\/tribina-fantastika-u-lektiri-slucaj-zil-vern\/\">Tribina: \u201cFantastika u lektiri: slu\u010daj \u017dil Vern\u201c\"<\/a><\/td><td class=\"column-3\">Slobodan Bubnjevi\u0107, dr Nata\u0161a Tu\u010dev, moderator: Marija Milosavljevi\u0107<\/td>\n<\/tr>\n<tr class=\"row-6\">\n\t<td class=\"column-1\">20.00<\/td><td class=\"column-2\"><a href=\"http:\/\/art-anima.com\/festival\/2018\/05\/ederlezi-rising\/\">Proza preto\u010dena na filmsko platno: \u201cEderlezi Rising\u201c\"<\/a><\/td><td class=\"column-3\">Dimitrije Vojnov, Zoran Ne\u0161kovi\u0107, Zoran Jankovi\u0107, moderator: \u0110or\u0111e Baji\u0107<\/td>\n<\/tr>\n<\/tbody>\n<\/table>\n<!-- #tablepress-13 from cache -->\n<p>&nbsp;<\/p>\n<p><strong>Subota, 02. jun 2018. &#8211; Polet<\/strong><\/p>\n\n<table id=\"tablepress-14\" class=\"tablepress tablepress-id-14\">\n<thead>\n<tr class=\"row-1\">\n\t<th class=\"column-1\">Vreme<\/th><th class=\"column-2\">Doga\u0111aj<\/th><th class=\"column-3\">U\u010desnici<\/th>\n<\/tr>\n<\/thead>\n<tbody class=\"row-striping row-hover\">\n<tr class=\"row-2\">\n\t<td class=\"column-1\">16.00<\/td><td class=\"column-2\"><a href=\"http:\/\/art-anima.com\/festival\/2018\/05\/promocija-refestikona-i-zbirke-prica-knez-vladimir\/\">Promocija Refestikona i zbirke pri\u010da \u201cKnez Vladimir\u201c<\/a><\/td><td class=\"column-3\">mr Dragi\u0107 Rabrenovi\u0107, Goran Skrobonja, Tihomir Jovanovi\u0107, \u0160eki Musi\u0107<\/td>\n<\/tr>\n<tr class=\"row-3\">\n\t<td class=\"column-1\">17.00<\/td><td class=\"column-2\"><a href=\"http:\/\/art-anima.com\/festival\/2018\/05\/valis-filip-k-dik\/\">Predstavljanje romana \u201cValis\u201c Filipa K. Dika<\/a><\/td><td class=\"column-3\">prof. dr Milan \u0106irkovi\u0107, dr Mladen Jakovljevi\u0107, Danilo Lu\u010di\u0107<\/td>\n<\/tr>\n<tr class=\"row-4\">\n\t<td class=\"column-1\">18.00<\/td><td class=\"column-2\"><a href=\"http:\/\/art-anima.com\/festival\/2018\/05\/predstavljanje-5-broja-knjizevne-fantastike\/\">Predstavljanje 5. broja Knji\u017eevne fantastike<\/a><\/td><td class=\"column-3\">dr Mladen Jakovljevi\u0107, Dragoljub Igro\u0161anac<\/td>\n<\/tr>\n<tr class=\"row-5\">\n\t<td class=\"column-1\">19.00<\/td><td class=\"column-2\"><a href=\"http:\/\/art-anima.com\/festival\/2018\/05\/sava-damjanov-dobitnik-nagrade-art-anima\/\">Dodela nagrade za promociju fantasti\u010dne knji\u017eevnosti \"Art-Anima\" prof. dr Savi Damjanovu<\/a><\/td><td class=\"column-3\">prof. dr Sava Damjanov, Milo\u0161 Joci\u0107<\/td>\n<\/tr>\n<tr class=\"row-6\">\n\t<td class=\"column-1\">20.00<\/td><td class=\"column-2\"><a href=\"http:\/\/art-anima.com\/festival\/2018\/05\/fantasticno-u-romanu-luzitanija-razgovor-sa-dejanom-atanackovicem\/\">Fantasti\u010dno u romanu \u201cLuzitanija\u201c \u2013 razgovor sa Dejanom Atanackovi\u0107em<\/a><\/td><td class=\"column-3\">Dejan Atanackovi\u0107, <br \/>\nAleksandra Aksentijevi\u0107 <\/td>\n<\/tr>\n<\/tbody>\n<\/table>\n<!-- #tablepress-14 from cache -->\n<p>&nbsp;<\/p>\n<p><strong>Nedelja, 03. jun 2018. &#8211; Polet<\/strong><\/p>\n\n<table id=\"tablepress-15\" class=\"tablepress tablepress-id-15\">\n<thead>\n<tr class=\"row-1\">\n\t<th class=\"column-1\">Vreme<\/th><th class=\"column-2\">Doga\u0111aj<\/th><th class=\"column-3\">U\u010desnici<\/th>\n<\/tr>\n<\/thead>\n<tbody class=\"row-striping row-hover\">\n<tr class=\"row-2\">\n\t<td class=\"column-1\">16.00<\/td><td class=\"column-2\"><a href=\"http:\/\/art-anima.com\/festival\/2018\/05\/tribina-elementi-igre-od-tolkinovih-romana-preko-dungeons-and-dragons-do-rpg-video-igara\/\">Tribina: \u201eElementi igre \u2013 od Tolkinovih romana preko \u2018Dungeons and Dragons\u2019 do RPG video-igara\"<\/a><\/td><td class=\"column-3\">Du\u0161an Kocoljevac, Darjan Kubik, moderatorka: Tatjana Risti\u0107<\/td>\n<\/tr>\n<tr class=\"row-3\">\n\t<td class=\"column-1\">17.00<\/td><td class=\"column-2\"><a href=\"http:\/\/art-anima.com\/festival\/2018\/05\/tribina-retro-ili-reciklaza-nostalgija-u-kinematografiji-fantastike\/\">Tribina: \u201cRetro ili recikla\u017ea? \u2013 Nostalgija u kinematografiji fantastike\u201c\"<\/a><\/td><td class=\"column-3\">ma Igor Vuj\u010di\u0107, Mihajlo Vitezovi\u0107, moderatorka: An\u0111elka \u0110uki\u0107<\/td>\n<\/tr>\n<tr class=\"row-4\">\n\t<td class=\"column-1\">18.00<\/td><td class=\"column-2\"><a href=\"http:\/\/art-anima.com\/festival\/2018\/05\/razgovor-o-romanu-ne-daj-mi-nikada-da-odem-kazua-isigura\/\">Razgovor o knjizi \"Ne daj mi nikada da odem\" Kazua I\u0161igura<\/a><\/td><td class=\"column-3\">Tamara Krsti\u0107, Aleksandar \u0160urbatovi\u0107, moderatorka: Milica Ulemek<\/td>\n<\/tr>\n<tr class=\"row-5\">\n\t<td class=\"column-1\">19.00<\/td><td class=\"column-2\"><a href=\"http:\/\/art-anima.com\/festival\/2018\/05\/predstavljanje-zbirke-glas-u-noci-vilijama-houpa-hodzsona\/\">Predstavljanje zbirke \u201cGlas u no\u0107i\u201c Vilijama Houpa Hod\u017esona<\/a><\/td><td class=\"column-3\">dr Dejan Ognjanovi\u0107<\/td>\n<\/tr>\n<tr class=\"row-6\">\n\t<td class=\"column-1\">20.00<\/td><td class=\"column-2\"><a href=\"http:\/\/art-anima.com\/festival\/2018\/05\/promocija-romana-kal-juga-mladena-milosavljevica\/\">Promocija romana \u201cKal juga\u201c Mladena Milosavljevi\u0107a<\/a><\/td><td class=\"column-3\">Mladen Milosavljevi\u0107, Aleksandar Te\u0161i\u0107 i Ivan Ne\u0161i\u0107. Moderator Aleksandar Petrovi\u0107 a.k.a. Aca Seltik.<\/td>\n<\/tr>\n<\/tbody>\n<\/table>\n<!-- #tablepress-15 from cache -->\n<p>&nbsp;<\/p>\n<p><span style=\"color: #800000;\"><strong>Napomena: program festivala podlo\u017ean je promenama<\/strong><\/span><\/p>\n<p>&#8230;<\/p>\n<p>Arhiva:<\/p>\n<p><a href=\"https:\/\/art-anima.com\/festival\/program-2024\/\" target=\"_blank\">Program festivala 2024.<\/a>\u00a0&#8211; Dor\u0107ol Platz \/ Koska Bar (08. i 09. jun)<\/p>\n<p><a href=\"https:\/\/art-anima.com\/festival\/program-2023\/\" target=\"_blank\">Program festivala 2023.<\/a>\u00a0&#8211; Kulturni centar Grad (05. i 06. jul)<\/p>\n<p><a href=\"https:\/\/art-anima.com\/festival\/program-2022\/\" target=\"_blank\">Program festivala 2022.<\/a>\u00a0&#8211; Klub galerija Polet (04. i 05. jul)<\/p>\n<p><a href=\"http:\/\/art-anima.com\/festival\/program-2021\/\">Program festivala 2021.<\/a>\u00a0&#8211; Klub galerija Polet (04. i 05. jul)<\/p>\n<p><a href=\"http:\/\/art-anima.com\/festival\/program-2019\/\">Program festivala 2019.<\/a>\u00a0&#8211;\u00a0Klub galerija Polet (30. maj &#8211; 02. jun),\u00a0Sve\u010dana sala Op\u0161tine Vra\u010dar (03. jun 2019)<\/p>\n<p><a href=\"http:\/\/art-anima.com\/festival\/program-2018\/\">Program festivala 2018.<\/a>\u00a0&#8211; Sve\u010dana sala Op\u0161tine Vra\u010dar (01. jun), Klub galerija Polet (02. i 03. jun 2018.)<\/p>\n<p><a href=\"http:\/\/art-anima.com\/festival\/program-2017\/\">Program festivala 2017<\/a>. &#8211; Klub galerija Polet 03. i 04. jun 2017.<\/p>\n<p><a href=\"http:\/\/art-anima.com\/festival\/program-2016\">Program festivala 2016.<\/a>\u00a0&#8211; Biblioteka grada Beograda 29. maj-02. jun 2016.<\/p>\n<p><a href=\"http:\/\/art-anima.com\/festival\/program-festivala-2015\">Program festivala 2015.<\/a>\u00a0&#8211; Knji\u017eara Plato 02-04. jun 2015.<\/p>\n<p><a href=\"http:\/\/art-anima.com\/festival\/2014\/04\/program-festivala\/\">Program festivala 2014<\/a>. &#8211; UK Palilula 15-17. maj 2014.<\/p>\n","protected":false},"excerpt":{"rendered":"<p>Petak, 01. jun 2018. &#8211; Op\u0161tina\u00a0Vra\u010dar &nbsp; Subota, 02. jun 2018. &#8211; Polet &nbsp; Nedelja, 03. jun 2018. &#8211; Polet &nbsp; Napomena: program festivala podlo\u017ean je promenama &#8230; Arhiva: Program festivala 2024.\u00a0&#8211; Dor\u0107ol Platz \/ Koska Bar (08. i 09. jun) Program festivala 2023.\u00a0&#8211; Kulturni centar Grad (05. i 06. jul) Program festivala 2022.\u00a0&#8211; Klub [&hellip;]<\/p>\n","protected":false},"author":1,"featured_media":761,"parent":0,"menu_order":0,"comment_status":"closed","ping_status":"closed","template":"","meta":{"footnotes":""},"class_list":["post-746","page","type-page","status-publish","has-post-thumbnail","hentry"],"_links":{"self":[{"href":"http:\/\/art-anima.com\/festival\/wp-json\/wp\/v2\/pages\/746"}],"collection":[{"href":"http:\/\/art-anima.com\/festival\/wp-json\/wp\/v2\/pages"}],"about":[{"href":"http:\/\/art-anima.com\/festival\/wp-json\/wp\/v2\/types\/page"}],"author":[{"embeddable":true,"href":"http:\/\/art-anima.com\/festival\/wp-json\/wp\/v2\/users\/1"}],"replies":[{"embeddable":true,"href":"http:\/\/art-anima.com\/festival\/wp-json\/wp\/v2\/comments?post=746"}],"version-history":[{"count":12,"href":"http:\/\/art-anima.com\/festival\/wp-json\/wp\/v2\/pages\/746\/revisions"}],"predecessor-version":[{"id":1434,"href":"http:\/\/art-anima.com\/festival\/wp-json\/wp\/v2\/pages\/746\/revisions\/1434"}],"wp:featuredmedia":[{"embeddable":true,"href":"http:\/\/art-anima.com\/festival\/wp-json\/wp\/v2\/media\/761"}],"wp:attachment":[{"href":"http:\/\/art-anima.com\/festival\/wp-json\/wp\/v2\/media?parent=746"}],"curies":[{"name":"wp","href":"https:\/\/api.w.org\/{rel}","templated":true}]}}