{"id":1101,"date":"2022-06-12T11:21:24","date_gmt":"2022-06-12T09:21:24","guid":{"rendered":"http:\/\/art-anima.com\/festival\/?page_id=1101"},"modified":"2024-05-23T08:10:16","modified_gmt":"2024-05-23T06:10:16","slug":"program-2022","status":"publish","type":"page","link":"https:\/\/art-anima.com\/festival\/program-2022\/","title":{"rendered":"PROGRAM 2022"},"content":{"rendered":"<h2 style=\"text-align: center;\"><\/h2>\n<p><strong>Ponedeljak, 04. jul 2022.<\/strong><\/p>\n\n<table id=\"tablepress-23\" class=\"tablepress tablepress-id-23\">\n<thead>\n<tr class=\"row-1\">\n\t<th class=\"column-1\">Vreme<\/th><th class=\"column-2\">Doga\u0111aj<\/th><th class=\"column-3\">U\u010desnici<\/th>\n<\/tr>\n<\/thead>\n<tbody class=\"row-striping row-hover\">\n<tr class=\"row-2\">\n\t<td class=\"column-1\">18.00<\/td><td class=\"column-2\"><a href=\"http:\/\/art-anima.com\/festival\/2022\/06\/promocija-casopisa-knjizevna-fantastika-8-2022\/\" rel=\"noopener\" target=\"_blank\">Promocija \u010dasopisa Knji\u017eevna fantastika 2022<\/a><\/td><td class=\"column-3\">Zoran \u017divkovi\u0107, Predrag Li\u010dina, Adrijan Sarajlija, Milena Dasukidis, Mihajlo Dasukidis, Marko Vasi\u0107, Dragoljub Igro\u0161anac<\/td>\n<\/tr>\n<tr class=\"row-3\">\n\t<td class=\"column-1\">19.10<\/td><td class=\"column-2\"><a href=\"https:\/\/art-anima.com\/festival\/2022\/06\/tribina-o-hiperionu-dena-simonsa\/\" rel=\"noopener\" target=\"_blank\">Tribina o \"Hiperionu\" Dena Simonsa<\/a><\/td><td class=\"column-3\">Goran Skrobonja, Milo\u0161 Petrik, Bojan Butkovi\u0107<\/td>\n<\/tr>\n<tr class=\"row-4\">\n\t<td class=\"column-1\">20.20<\/td><td class=\"column-2\"><a href=\"https:\/\/art-anima.com\/festival\/2022\/06\/pocasna-gosca-pia-leino\/\" rel=\"noopener\" target=\"_blank\">Predstavljanje romana \"Nebesa\" Pie Leino<\/a><\/td><td class=\"column-3\">Pia Leino, Jelena Nid\u017eovi\u0107, Vladislava Gordi\u0107 Petkovi\u0107<\/td>\n<\/tr>\n<\/tbody>\n<\/table>\n<!-- #tablepress-23 from cache -->\n<p>&nbsp;<\/p>\n<p><strong>Utorak, 05. jul 2022.<\/strong><\/p>\n\n<table id=\"tablepress-24\" class=\"tablepress tablepress-id-24\">\n<thead>\n<tr class=\"row-1\">\n\t<th class=\"column-1\">Vreme<\/th><th class=\"column-2\">Doga\u0111aj <\/th><th class=\"column-3\">U\u010desnici<\/th>\n<\/tr>\n<\/thead>\n<tbody class=\"row-striping row-hover\">\n<tr class=\"row-2\">\n\t<td class=\"column-1\">18.00<\/td><td class=\"column-2\"><a href=\"http:\/\/art-anima.com\/festival\/2022\/06\/zir-izdavastvo-promocija-serijala-dosije-drezden\/\" rel=\"noopener\" target=\"_blank\">\u017dIR izdava\u0161tvo - promocija serijala \"Dosije Drezden\"<\/a><\/td><td class=\"column-3\">Sr\u0111an Mitrovi\u0107, Ranko Trifkovi\u0107<\/td>\n<\/tr>\n<tr class=\"row-3\">\n\t<td class=\"column-1\">19.10<\/td><td class=\"column-2\"><a href=\"http:\/\/art-anima.com\/festival\/2022\/06\/razgovor-o-prevodu-tolkinove-poeme-beren-i-lutijena\/\" rel=\"noopener\" target=\"_blank\">Razgovor o prevodu Tolkinovog dela \u201eBeren i Lutijena\u201c  <\/a><\/td><td class=\"column-3\">Vladimir D. Jankovi\u0107, Marija Pusloji\u0107, Marko Vasi\u0107<\/td>\n<\/tr>\n<tr class=\"row-4\">\n\t<td class=\"column-1\">20.20<\/td><td class=\"column-2\"><a href=\"http:\/\/art-anima.com\/festival\/2022\/06\/promocija-zbirke-horor-prica-divlja-kapela-dejana-ognjanovica\/\" rel=\"noopener\" target=\"_blank\">Promocija zbirke \"Divlja kapela\" Dejana Ognjanovi\u0107a<\/a><\/td><td class=\"column-3\">Dejan Ognjanovi\u0107, Ana Marija Grbi\u0107, Igor Stanojevi\u0107<\/td>\n<\/tr>\n<\/tbody>\n<\/table>\n<!-- #tablepress-24 from cache -->\n<p>&nbsp;<\/p>\n<p>&nbsp;<\/p>\n<p><span style=\"color: #800000;\"><strong>Napomena: program festivala podlo\u017ean je promenama<\/strong><\/span><\/p>\n<p>&#8230;<\/p>\n<p>Arhiva:<\/p>\n<p><a href=\"https:\/\/art-anima.com\/festival\/program-2024\/\" target=\"_blank\">Program festivala 2024.<\/a>\u00a0&#8211; Dor\u0107ol Platz \/ Koska Bar (08. i 09. jun)<\/p>\n<p><a href=\"https:\/\/art-anima.com\/festival\/program-2023\/\" target=\"_blank\">Program festivala 2023.<\/a>\u00a0&#8211; Kulturni centar Grad (05. i 06. jul)<\/p>\n<p><a href=\"https:\/\/art-anima.com\/festival\/program-2022\/\" target=\"_blank\">Program festivala 2022.<\/a>\u00a0&#8211; Klub galerija Polet (04. i 05. jul)<\/p>\n<p><a href=\"http:\/\/art-anima.com\/festival\/program-2021\/\">Program festivala 2021.<\/a>\u00a0&#8211; Klub galerija Polet (04. i 05. jul)<\/p>\n<p><a href=\"http:\/\/art-anima.com\/festival\/program-2019\/\">Program festivala 2019.<\/a>\u00a0&#8211;\u00a0Klub galerija Polet (30. maj &#8211; 02. jun),\u00a0Sve\u010dana sala Op\u0161tine Vra\u010dar (03. jun 2019)<\/p>\n<p><a href=\"http:\/\/art-anima.com\/festival\/program-2018\/\">Program festivala 2018.<\/a>\u00a0&#8211; Sve\u010dana sala Op\u0161tine Vra\u010dar (01. jun), Klub galerija Polet (02. i 03. jun 2018.)<\/p>\n<p><a href=\"http:\/\/art-anima.com\/festival\/program-2017\/\">Program festivala 2017<\/a>. &#8211; Klub galerija Polet 03. i 04. jun 2017.<\/p>\n<p><a href=\"http:\/\/art-anima.com\/festival\/program-2016\">Program festivala 2016.<\/a>\u00a0&#8211; Biblioteka grada Beograda 29. maj-02. jun 2016.<\/p>\n<p><a href=\"http:\/\/art-anima.com\/festival\/program-festivala-2015\">Program festivala 2015.<\/a>\u00a0&#8211; Knji\u017eara Plato 02-04. jun 2015.<\/p>\n<p><a href=\"http:\/\/art-anima.com\/festival\/2014\/04\/program-festivala\/\">Program festivala 2014<\/a>. &#8211; UK Palilula 15-17. maj 2014.<\/p>\n","protected":false},"excerpt":{"rendered":"<p>Ponedeljak, 04. jul 2022. &nbsp; Utorak, 05. jul 2022. &nbsp; &nbsp; Napomena: program festivala podlo\u017ean je promenama &#8230; Arhiva: Program festivala 2024.\u00a0&#8211; Dor\u0107ol Platz \/ Koska Bar (08. i 09. jun) Program festivala 2023.\u00a0&#8211; Kulturni centar Grad (05. i 06. jul) Program festivala 2022.\u00a0&#8211; Klub galerija Polet (04. i 05. jul) Program festivala 2021.\u00a0&#8211; Klub [&hellip;]<\/p>\n","protected":false},"author":1,"featured_media":1092,"parent":0,"menu_order":0,"comment_status":"closed","ping_status":"closed","template":"","meta":{"footnotes":""},"class_list":["post-1101","page","type-page","status-publish","has-post-thumbnail","hentry"],"_links":{"self":[{"href":"https:\/\/art-anima.com\/festival\/wp-json\/wp\/v2\/pages\/1101"}],"collection":[{"href":"https:\/\/art-anima.com\/festival\/wp-json\/wp\/v2\/pages"}],"about":[{"href":"https:\/\/art-anima.com\/festival\/wp-json\/wp\/v2\/types\/page"}],"author":[{"embeddable":true,"href":"https:\/\/art-anima.com\/festival\/wp-json\/wp\/v2\/users\/1"}],"replies":[{"embeddable":true,"href":"https:\/\/art-anima.com\/festival\/wp-json\/wp\/v2\/comments?post=1101"}],"version-history":[{"count":11,"href":"https:\/\/art-anima.com\/festival\/wp-json\/wp\/v2\/pages\/1101\/revisions"}],"predecessor-version":[{"id":1437,"href":"https:\/\/art-anima.com\/festival\/wp-json\/wp\/v2\/pages\/1101\/revisions\/1437"}],"wp:featuredmedia":[{"embeddable":true,"href":"https:\/\/art-anima.com\/festival\/wp-json\/wp\/v2\/media\/1092"}],"wp:attachment":[{"href":"https:\/\/art-anima.com\/festival\/wp-json\/wp\/v2\/media?parent=1101"}],"curies":[{"name":"wp","href":"https:\/\/api.w.org\/{rel}","templated":true}]}}