{"id":1217,"date":"2023-06-07T21:41:26","date_gmt":"2023-06-07T19:41:26","guid":{"rendered":"http:\/\/art-anima.com\/festival\/?page_id=1217"},"modified":"2024-05-23T08:10:34","modified_gmt":"2024-05-23T06:10:34","slug":"program-2023","status":"publish","type":"page","link":"https:\/\/art-anima.com\/festival\/program-2023\/","title":{"rendered":"PROGRAM 2023"},"content":{"rendered":"<p><strong>Sreda, 05. jul 2023.<\/strong><\/p>\n\n<table id=\"tablepress-25\" class=\"tablepress tablepress-id-25\">\n<thead>\n<tr class=\"row-1\">\n\t<th class=\"column-1\">Vreme<\/th><th class=\"column-2\">Doga\u0111aj <\/th><th class=\"column-3\">U\u010desnici<\/th>\n<\/tr>\n<\/thead>\n<tbody class=\"row-striping row-hover\">\n<tr class=\"row-2\">\n\t<td class=\"column-1\">17.00<\/td><td class=\"column-2\"><a href=\"https:\/\/art-anima.com\/festival\/2023\/06\/savremena-srpska-fantastika-u-dackoj-lektiri-zelenbabini-darovi\/\">Savremena srpska fantastika u \u0111a\u010dkoj lektiri - \"Zelenbabini darovi\"<\/a><\/td><td class=\"column-3\">Ivana Ne\u0161i\u0107, Tijana Tropin, Aleksandra Atanackovi\u0107, Slavka Vlalukin<\/td>\n<\/tr>\n<tr class=\"row-3\">\n\t<td class=\"column-1\">18.15<\/td><td class=\"column-2\"><a href=\"https:\/\/art-anima.com\/festival\/2023\/06\/niti-u-odrazu-interpretativni-i-poeticki-pogledi-na-romane-mladena-jakovljevica\/\">Niti u odrazu: interpretativni i poeti\u010dki pogledi na romane Mladena Jakovljevi\u0107a <\/a><\/td><td class=\"column-3\">Vladislava Gordi\u0107 Petkovi\u0107, Dragoljub Peri\u0107, Mladen Jakovljevi\u0107<\/td>\n<\/tr>\n<tr class=\"row-4\">\n\t<td class=\"column-1\">19.30<\/td><td class=\"column-2\"><a href=\"https:\/\/art-anima.com\/festival\/2023\/07\/promocija-9-broja-casopisa-knjizevna-fantastika\/\">Promocija 9. broja \u010dasopisa Knji\u017eevna fantastika<\/a><\/td><td class=\"column-3\">Mina Luki\u0107, Dina Hrecak, Nastasja Pisarev, Adrijan Sarajlija, Mladen Jakovljevi\u0107, Dragoljub Igro\u0161anac, Marko Vasi\u0107, Milo\u0161 Petrik<\/td>\n<\/tr>\n<tr class=\"row-5\">\n\t<td class=\"column-1\">20.45<\/td><td class=\"column-2\"><a href=\"https:\/\/art-anima.com\/festival\/2023\/06\/zan-re-i-belgijska-fantastika\/\">\u017dan Re i belgijska fantastika <\/a><\/td><td class=\"column-3\">Dejan Ognjanovi\u0107, Goran  Kostrovi\u0107<\/td>\n<\/tr>\n<\/tbody>\n<\/table>\n<!-- #tablepress-25 from cache -->\n<p>&nbsp;<\/p>\n<p><strong>\u010cetvrtak, 06. jul 2023.<\/strong><\/p>\n\n<table id=\"tablepress-26\" class=\"tablepress tablepress-id-26\">\n<thead>\n<tr class=\"row-1\">\n\t<th class=\"column-1\">Vreme<\/th><th class=\"column-2\">Doga\u0111aj<\/th><th class=\"column-3\">U\u010desnici<\/th>\n<\/tr>\n<\/thead>\n<tbody class=\"row-striping row-hover\">\n<tr class=\"row-2\">\n\t<td class=\"column-1\">17.00<\/td><td class=\"column-2\"><a href=\"https:\/\/art-anima.com\/festival\/2023\/06\/predstavljanje-fanzina-emitor-br-495-498\/\">Predstavljanje fanzina Emitor br. 495-498<\/a><\/td><td class=\"column-3\">Miodrag Mi\u0107a Milovanovi\u0107, \u017darko Mili\u0107evi\u0107<\/td>\n<\/tr>\n<tr class=\"row-3\">\n\t<td class=\"column-1\">18.15<\/td><td class=\"column-2\"><a href=\"https:\/\/art-anima.com\/festival\/2023\/07\/tribina-tolkin-zivot-delo-teorija-i-fandom\/\">Tribina \"Tolkin - \u017eivot, delo, teorija i fandom\"<\/a><\/td><td class=\"column-3\">Nata\u0161a Tu\u010dev, Jelena Vitezovi\u0107, Marko Vasi\u0107, Lucio \u0106opi\u0107 Stormy, Vlado Rukavina<\/td>\n<\/tr>\n<tr class=\"row-4\">\n\t<td class=\"column-1\">19.30<\/td><td class=\"column-2\"><a href=\"biblioteka-zorana-zivkovica-20-godina-od-osvajanja-svetske-nagrade-za-fantastiku\">\u201eBiblioteka\u201c Zorana \u017divkovi\u0107a \u2013 20 godina od osvajanja \u201eSvetske nagrade za fantastiku\u201c<\/a><\/td><td class=\"column-3\">Zoran \u017divkovi\u0107, Milan M. \u0106irkovi\u0107, Zorica \u0110ergovi\u0107 Joksimovi\u0107<\/td>\n<\/tr>\n<tr class=\"row-5\">\n\t<td class=\"column-1\">20.45<\/td><td class=\"column-2\"><a href=\"https:\/\/art-anima.com\/festival\/2023\/06\/predstavljanje-kluba-knjige-gavran-i-zbirke-prica-aveti-fransisa-m-kroforda\/\">Predstavljanje Kluba knjige i umetnosti \"Gavran\" i zbirke pri\u010da \"Aveti\" Fransisa M. Kroforda<\/a><\/td><td class=\"column-3\">Milena Dasukidis, Aleksandra Rajkovi\u0107, Mihajlo Dasukidis, Marija Stanojevi\u0107<\/td>\n<\/tr>\n<\/tbody>\n<\/table>\n<!-- #tablepress-26 from cache -->\n<p>&nbsp;<\/p>\n<p>&nbsp;<\/p>\n<p><span style=\"color: #800000;\"><strong>Napomena: program festivala podlo\u017ean je promenama<\/strong><\/span><\/p>\n<p>&#8230;<\/p>\n<p>Arhiva:<\/p>\n<p><a href=\"https:\/\/art-anima.com\/festival\/program-2024\/\" target=\"_blank\">Program festivala 2024.<\/a>\u00a0&#8211; Dor\u0107ol Platz \/ Koska Bar (08. i 09. jun)<\/p>\n<p><a href=\"https:\/\/art-anima.com\/festival\/program-2023\/\" target=\"_blank\">Program festivala 2023.<\/a>\u00a0&#8211; Kulturni centar Grad (05. i 06. jul)<\/p>\n<p><a href=\"https:\/\/art-anima.com\/festival\/program-2022\/\" target=\"_blank\">Program festivala 2022.<\/a>\u00a0&#8211; Klub galerija Polet (04. i 05. jul)<\/p>\n<p><a href=\"http:\/\/art-anima.com\/festival\/program-2021\/\">Program festivala 2021.<\/a>\u00a0&#8211; Klub galerija Polet (04. i 05. jul)<\/p>\n<p><a href=\"http:\/\/art-anima.com\/festival\/program-2019\/\">Program festivala 2019.<\/a>\u00a0&#8211;\u00a0Klub galerija Polet (30. maj &#8211; 02. jun),\u00a0Sve\u010dana sala Op\u0161tine Vra\u010dar (03. jun 2019)<\/p>\n<p><a href=\"http:\/\/art-anima.com\/festival\/program-2018\/\">Program festivala 2018.<\/a>\u00a0&#8211; Sve\u010dana sala Op\u0161tine Vra\u010dar (01. jun), Klub galerija Polet (02. i 03. jun 2018.)<\/p>\n<p><a href=\"http:\/\/art-anima.com\/festival\/program-2017\/\">Program festivala 2017<\/a>. &#8211; Klub galerija Polet 03. i 04. jun 2017.<\/p>\n<p><a href=\"http:\/\/art-anima.com\/festival\/program-2016\">Program festivala 2016.<\/a>\u00a0&#8211; Biblioteka grada Beograda 29. maj-02. jun 2016.<\/p>\n<p><a href=\"http:\/\/art-anima.com\/festival\/program-festivala-2015\">Program festivala 2015.<\/a>\u00a0&#8211; Knji\u017eara Plato 02-04. jun 2015.<\/p>\n<p><a href=\"http:\/\/art-anima.com\/festival\/2014\/04\/program-festivala\/\">Program festivala 2014<\/a>. &#8211; UK Palilula 15-17. maj 2014.<\/p>\n","protected":false},"excerpt":{"rendered":"<p>Sreda, 05. jul 2023. &nbsp; \u010cetvrtak, 06. jul 2023. &nbsp; &nbsp; Napomena: program festivala podlo\u017ean je promenama &#8230; Arhiva: Program festivala 2024.\u00a0&#8211; Dor\u0107ol Platz \/ Koska Bar (08. i 09. jun) Program festivala 2023.\u00a0&#8211; Kulturni centar Grad (05. i 06. jul) Program festivala 2022.\u00a0&#8211; Klub galerija Polet (04. i 05. jul) Program festivala 2021.\u00a0&#8211; Klub [&hellip;]<\/p>\n","protected":false},"author":1,"featured_media":1219,"parent":0,"menu_order":0,"comment_status":"closed","ping_status":"closed","template":"","meta":{"footnotes":""},"class_list":["post-1217","page","type-page","status-publish","has-post-thumbnail","hentry"],"_links":{"self":[{"href":"https:\/\/art-anima.com\/festival\/wp-json\/wp\/v2\/pages\/1217"}],"collection":[{"href":"https:\/\/art-anima.com\/festival\/wp-json\/wp\/v2\/pages"}],"about":[{"href":"https:\/\/art-anima.com\/festival\/wp-json\/wp\/v2\/types\/page"}],"author":[{"embeddable":true,"href":"https:\/\/art-anima.com\/festival\/wp-json\/wp\/v2\/users\/1"}],"replies":[{"embeddable":true,"href":"https:\/\/art-anima.com\/festival\/wp-json\/wp\/v2\/comments?post=1217"}],"version-history":[{"count":7,"href":"https:\/\/art-anima.com\/festival\/wp-json\/wp\/v2\/pages\/1217\/revisions"}],"predecessor-version":[{"id":1438,"href":"https:\/\/art-anima.com\/festival\/wp-json\/wp\/v2\/pages\/1217\/revisions\/1438"}],"wp:featuredmedia":[{"embeddable":true,"href":"https:\/\/art-anima.com\/festival\/wp-json\/wp\/v2\/media\/1219"}],"wp:attachment":[{"href":"https:\/\/art-anima.com\/festival\/wp-json\/wp\/v2\/media?parent=1217"}],"curies":[{"name":"wp","href":"https:\/\/api.w.org\/{rel}","templated":true}]}}